{"id":12,"date":"2025-03-13T07:26:26","date_gmt":"2025-03-13T06:26:26","guid":{"rendered":"https:\/\/kalmahomes.es\/?page_id=12"},"modified":"2025-08-19T13:40:11","modified_gmt":"2025-08-19T11:40:11","slug":"politica-de-privacidad","status":"publish","type":"page","link":"https:\/\/kalmahomes.es\/de\/politica-de-privacidad\/","title":{"rendered":"Datenschutzrichtlinie"},"content":{"rendered":"<p>Kalma Gesti\u00f3n Integral SL, im Folgenden \u201eEigent\u00fcmer\u201c, informiert Sie \u00fcber seine Datenschutzrichtlinie bez\u00fcglich der Verarbeitung und des Schutzes personenbezogener Daten von Benutzern und Kunden, die beim Surfen oder bei der Beauftragung von Diensten \u00fcber die Website https:\/\/kalmahomes.es erfasst werden k\u00f6nnen.<\/p>\n\n\n\n<p>In diesem Zusammenhang garantiert der Eigent\u00fcmer die Einhaltung der geltenden Vorschriften zum Schutz personenbezogener Daten, wie sie im Organgesetz 3\/2018 vom 5. Dezember \u00fcber den Schutz personenbezogener Daten und die Gew\u00e4hrleistung digitaler Rechte (LOPD GDD) zum Ausdruck kommen. Es entspricht au\u00dferdem der Verordnung (EU) 2016\/679 des Europ\u00e4ischen Parlaments und des Rates vom 27. April 2016 zum Schutz nat\u00fcrlicher Personen (DSGVO).<\/p>\n\n\n\n<p>Die Nutzung der Website setzt die Annahme dieser Datenschutzrichtlinie sowie der im rechtlichen Hinweis enthaltenen Bedingungen voraus.<\/p>\n\n\n\n<ol class=\"wp-block-list\">\n<li>Identifizierung der verantwortlichen Stelle:<\/li>\n<\/ol>\n\n\n\n<p>Vollst\u00e4ndiger Name: KALMA GESTI\u00d3N INTEGRAL SL<\/p>\n\n\n\n<p>NIF\/CIF: B56268055<\/p>\n\n\n\n<p>Adresse: AVENIDA MESTRAL 6, 03570 VILLAJOYOSA<\/p>\n\n\n\n<p>Telefon: +34 646 45 79 60<\/p>\n\n\n\n<p>E-Mail: info@kalmahomes.es<\/p>\n\n\n\n<p>Website: www.kalmahomes.es<\/p>\n\n\n\n<p>Grunds\u00e4tze der Datenverarbeitung<\/p>\n\n\n\n<p>Bei der Verarbeitung Ihrer personenbezogenen Daten wendet der Datenverantwortliche die folgenden Grunds\u00e4tze an, die den Anforderungen der neuen europ\u00e4ischen Datenschutzverordnung entsprechen:<\/p>\n\n\n\n<p>Grundsatz der Rechtm\u00e4\u00dfigkeit, Loyalit\u00e4t und Transparenz: Der Datenverantwortliche ben\u00f6tigt f\u00fcr die Verarbeitung Ihrer personenbezogenen Daten stets Ihre Zustimmung. Diese Verarbeitung kann einem oder mehreren bestimmten Zwecken dienen, \u00fcber die Sie im Voraus und mit absoluter Transparenz informiert werden.<\/p>\n\n\n\n<p>Grundsatz der Datenminimierung: Der Datenverantwortliche fordert nur die Daten an, die f\u00fcr den oder die Zwecke, f\u00fcr die sie angefordert werden, unbedingt erforderlich sind.<\/p>\n\n\n\n<p>Grundsatz der Begrenzung der Aufbewahrungsfrist: Die Daten werden f\u00fcr die f\u00fcr den\/die Verarbeitungszweck(e) unbedingt erforderliche Zeit aufbewahrt.<br>\u00dcber die jeweilige Aufbewahrungsdauer informiert Sie der Verantwortliche je nach Zweck. Im Falle von Abonnements \u00fcberpr\u00fcft der Eigent\u00fcmer die Listen regelm\u00e4\u00dfig und l\u00f6scht diejenigen Datens\u00e4tze, die \u00fcber einen l\u00e4ngeren Zeitraum inaktiv waren.<\/p>\n\n\n\n<p>Grundsatz der Integrit\u00e4t und Vertraulichkeit: Ihre Daten werden so behandelt, dass ihre Sicherheit, Vertraulichkeit und Integrit\u00e4t gew\u00e4hrleistet sind. Sie sollten sich bewusst sein, dass der Datenverantwortliche die notwendigen Vorkehrungen trifft, um unbefugten Zugriff oder Missbrauch der Daten seiner Benutzer durch Dritte zu verhindern.<\/p>\n\n\n\n<p>Erhebung personenbezogener Daten<\/p>\n\n\n\n<p>Um auf kalmahomes.es zu surfen, m\u00fcssen Sie keine pers\u00f6nlichen Daten angeben. In folgenden F\u00e4llen m\u00fcssen Sie Ihre pers\u00f6nlichen Daten angeben:<\/p>\n\n\n\n<p>Indem Sie uns \u00fcber die Kontaktformulare kontaktieren oder eine E-Mail senden.<\/p>\n\n\n\n<p>Wenn Sie einen Kommentar zu einem Artikel oder einer Seite abgeben.<\/p>\n\n\n\n<p>Ihre Rechte<\/p>\n\n\n\n<p>Der Eigent\u00fcmer informiert Sie, dass Sie in Bezug auf Ihre personenbezogenen Daten folgende Rechte haben:<\/p>\n\n\n\n<p>Fordern Sie Zugriff auf gespeicherte Daten an.<\/p>\n\n\n\n<p>Fordern Sie eine Berichtigung oder L\u00f6schung an.<\/p>\n\n\n\n<p>Fordern Sie eine Einschr\u00e4nkung Ihrer Verarbeitung an.<\/p>\n\n\n\n<p>Lehnen Sie die Behandlung ab.<\/p>\n\n\n\n<p>Fordern Sie die Portabilit\u00e4t Ihrer Daten an.<\/p>\n\n\n\n<p>Die Aus\u00fcbung dieser Rechte ist personenbezogen und muss daher direkt von der betroffenen Partei ausge\u00fcbt werden, indem sie diese direkt beim Eigent\u00fcmer anfordert. Dies bedeutet, dass jeder Kunde, Abonnent oder Mitarbeiter, der seine Daten bereitgestellt hat, sich jederzeit an den Eigent\u00fcmer wenden und Informationen \u00fcber die gespeicherten Daten und deren Herkunft anfordern, die Berichtigung dieser Daten verlangen, die \u00dcbertragbarkeit seiner personenbezogenen Daten verlangen, der Verarbeitung widersprechen, deren Nutzung einschr\u00e4nken oder die L\u00f6schung dieser Daten in den Dateien des Eigent\u00fcmers verlangen kann.<\/p>\n\n\n\n<p>Um Ihre Rechte auf Zugriff, Berichtigung, L\u00f6schung, Portabilit\u00e4t und Widerspruch auszu\u00fcben, m\u00fcssen Sie eine E-Mail zusammen mit einem rechtsg\u00fcltigen Nachweis wie einer Fotokopie Ihres Personalausweises oder einem gleichwertigen Dokument an info@kalmahomes.es senden.<\/p>\n\n\n\n<p>Sie haben das Recht auf wirksamen Rechtsschutz und k\u00f6nnen bei der Aufsichtsbeh\u00f6rde, in diesem Fall der spanischen Datenschutzbeh\u00f6rde, Beschwerde einlegen, wenn Sie der Ansicht sind, dass die Verarbeitung Ihrer personenbezogenen Daten gegen die Verordnung verst\u00f6\u00dft.<\/p>\n\n\n\n<p>Zweck der Verarbeitung personenbezogener Daten<\/p>\n\n\n\n<p>Wenn Sie eine Verbindung zur Website herstellen, um dem Eigent\u00fcmer eine E-Mail zu senden, den Newsletter zu abonnieren oder einen Kauf zu t\u00e4tigen, geben Sie pers\u00f6nliche Informationen weiter, f\u00fcr die der Eigent\u00fcmer verantwortlich ist. Diese Informationen k\u00f6nnen personenbezogene Daten wie Ihre IP-Adresse, Ihren Vor- und Nachnamen, Ihre Postanschrift, Ihre E-Mail-Adresse, Ihre Telefonnummer und andere Informationen umfassen. Indem Sie diese Informationen bereitstellen, stimmen Sie der Erfassung, Verwendung, Verwaltung und Speicherung Ihrer Informationen durch superadmin.es ausschlie\u00dflich wie im rechtlichen Hinweis und dieser Datenschutzrichtlinie beschrieben zu.<\/p>\n\n\n\n<p>Die personenbezogenen Daten und der Zweck der Verarbeitung durch den Eigent\u00fcmer sind je nach Informationserfassungssystem unterschiedlich:<\/p>\n\n\n\n<p>L\u00d6SCHEN SIE DIE, DIE SIE NICHT VERWENDEN:<\/p>\n\n\n\n<p>Kontaktformulare: Der Eigent\u00fcmer fordert personenbezogene Daten an, darunter m\u00f6glicherweise Vor- und Nachname, E-Mail-Adresse, Telefonnummer und Website-Adresse, um auf Ihre Anfragen zu antworten.<br>Der Eigent\u00fcmer verwendet diese Daten beispielsweise, um auf Ihre Nachrichten, Fragen, Beschwerden, Kommentare oder Anliegen zu antworten, die Sie m\u00f6glicherweise bez\u00fcglich der auf der Website enthaltenen Informationen, der \u00fcber die Website bereitgestellten Dienste, der Verarbeitung Ihrer personenbezogenen Daten, Fragen zu den auf der Website enthaltenen Rechtstexten sowie allen anderen Anfragen haben, die nicht den Bedingungen der Website oder des Vertrags unterliegen.<\/p>\n\n\n\n<p>Der Eigent\u00fcmer verarbeitet Ihre personenbezogenen Daten zu weiteren Zwecken:<\/p>\n\n\n\n<p>Um die Einhaltung der im Impressum und den geltenden Gesetzen festgelegten Bedingungen sicherzustellen. Hierzu kann die Entwicklung von Tools und Algorithmen geh\u00f6ren, die dieser Website dabei helfen, die Vertraulichkeit der von ihr erfassten personenbezogenen Daten zu gew\u00e4hrleisten.<\/p>\n\n\n\n<p>Zur Unterst\u00fctzung und Verbesserung der von dieser Website angebotenen Dienste.<\/p>\n\n\n\n<p>Zur Analyse der Navigation. Der Eigent\u00fcmer sammelt andere nicht identifizierende Daten, die durch die Verwendung von Cookies gewonnen werden, die auf Ihren Computer heruntergeladen werden, wenn Sie auf der Website surfen. Die Eigenschaften und der Zweck dieser Cookies sind in der Cookie-Richtlinie aufgef\u00fchrt.<\/p>\n\n\n\n<p>Zur Verwaltung sozialer Netzwerke. Der Eigent\u00fcmer ist in sozialen Netzwerken pr\u00e4sent. Wenn Sie Follower auf den Social-Media-Konten des Eigent\u00fcmers werden, unterliegt die Verarbeitung Ihrer personenbezogenen Daten diesem Abschnitt sowie den jeweils geltenden Nutzungsbedingungen, Datenschutzrichtlinien und Zugriffsbestimmungen der Social-Media-Plattform, die Sie zuvor akzeptiert haben.<\/p>\n\n\n\n<p>Sie k\u00f6nnen die Datenschutzrichtlinien der wichtigsten sozialen Netzwerke unter diesen Links einsehen:<\/p>\n\n\n\n<p>Instagram<\/p>\n\n\n\n<p>Der Datenverantwortliche verarbeitet Ihre personenbezogenen Daten, um seine Pr\u00e4senz im sozialen Netzwerk ordnungsgem\u00e4\u00df zu verwalten, Sie \u00fcber seine Aktivit\u00e4ten, Produkte oder Dienstleistungen zu informieren und f\u00fcr alle anderen Zwecke, die durch die Vorschriften des sozialen Netzwerks zul\u00e4ssig sind.<\/p>\n\n\n\n<p>Unter keinen Umst\u00e4nden wird der Eigent\u00fcmer die Profile der Follower in sozialen Netzwerken nutzen, um individuell Werbung zu versenden.<\/p>\n\n\n\n<p>Sicherheit personenbezogener Daten<\/p>\n\n\n\n<p>Zum Schutz Ihrer personenbezogenen Daten ergreift der Datenverantwortliche alle angemessenen Vorkehrungen und befolgt die bew\u00e4hrtesten Praktiken der Branche, um deren Verlust, Missbrauch, unbefugten Zugriff, Offenlegung, \u00c4nderung oder Zerst\u00f6rung zu verhindern.<\/p>\n\n\n\n<p>Die Website wird auf Hosting gehostet. Die Sicherheit Ihrer Daten ist gew\u00e4hrleistet, da alle notwendigen Sicherheitsma\u00dfnahmen getroffen werden. Weitere Informationen finden Sie in der Datenschutzrichtlinie.<\/p>\n\n\n\n<p>Inhalte von anderen Websites<\/p>\n\n\n\n<p>Seiten dieser Website k\u00f6nnen eingebettete Inhalte enthalten (z. B. Videos, Bilder, Artikel usw.). Eingebettete Inhalte von anderen Websites verhalten sich exakt so, als ob Sie die andere Website besucht h\u00e4tten.<\/p>\n\n\n\n<p>Diese Websites k\u00f6nnen Daten \u00fcber Sie sammeln, Cookies verwenden, zus\u00e4tzlichen Tracking-Code von Drittanbietern einbetten und Ihre Interaktion mithilfe dieses Codes \u00fcberwachen.<\/p>\n\n\n\n<p>Cookie-Richtlinie<\/p>\n\n\n\n<p>Damit diese Website ordnungsgem\u00e4\u00df funktioniert, muss sie Cookies verwenden. Dabei handelt es sich um Informationen, die in Ihrem Webbrowser gespeichert werden.<\/p>\n\n\n\n<p>Auf der Seite \u201eCookie-Richtlinie\u201c finden Sie alle Informationen zu den Erfassungsrichtlinien, dem Zweck und der Verarbeitung von Cookies.<\/p>\n\n\n\n<p>Legitimation zur Datenverarbeitung<\/p>\n\n\n\n<p>Rechtsgrundlage f\u00fcr die Verarbeitung Ihrer Daten ist Ihre Einwilligung.<\/p>\n\n\n\n<p>Um den Eigent\u00fcmer zu kontaktieren, einen Newsletter zu abonnieren oder Kommentare auf dieser Website zu ver\u00f6ffentlichen, m\u00fcssen Sie diese Datenschutzrichtlinie akzeptieren.<\/p>\n\n\n\n<p>Kategorien personenbezogener Daten<\/p>\n\n\n\n<p>Die vom Datenverantwortlichen verarbeiteten Kategorien personenbezogener Daten sind:<\/p>\n\n\n\n<p>Identifikationsdaten.<\/p>\n\n\n\n<p>Aufbewahrung personenbezogener Daten<\/p>\n\n\n\n<p>Die personenbezogenen Daten, die Sie dem Eigent\u00fcmer zur Verf\u00fcgung stellen, werden so lange gespeichert, bis Sie deren L\u00f6schung beantragen.<\/p>\n\n\n\n<p>Surfen im Internet<\/p>\n\n\n\n<p>Wenn Sie kalmahomes.es durchsuchen, werden m\u00f6glicherweise nicht identifizierende Daten erfasst, darunter Ihre IP-Adresse, Ihr Standort, eine Aufzeichnung Ihrer Nutzung der Dienste und Websites, Ihre Surfgewohnheiten und andere Daten, die nicht zur Identifizierung Ihrer Person verwendet werden k\u00f6nnen.<\/p>\n\n\n\n<p>Der Eigent\u00fcmer verwendet die erhaltenen Informationen, um statistische Daten zu erhalten, Trends zu analysieren, die Site zu verwalten, Browsing-Muster zu untersuchen und demografische Informationen zu sammeln.<\/p>\n\n\n\n<p>Genauigkeit und Wahrhaftigkeit personenbezogener Daten<\/p>\n\n\n\n<p>Sie verpflichten sich, dem Eigent\u00fcmer die richtigen, vollst\u00e4ndigen, genauen und aktuellen Daten zur Verf\u00fcgung zu stellen und diese stets auf dem neuesten Stand zu halten.<\/p>\n\n\n\n<p>Als Benutzer der Website sind Sie allein f\u00fcr die Wahrhaftigkeit und Genauigkeit der Daten verantwortlich, die Sie an die Website \u00fcbermitteln, und entbinden den Eigent\u00fcmer in dieser Hinsicht von jeglicher Haftung.<\/p>\n\n\n\n<p>Akzeptanz und Zustimmung<\/p>\n\n\n\n<p>Als Website-Benutzer erkl\u00e4ren Sie, dass Sie \u00fcber die Bedingungen zum Schutz personenbezogener Daten informiert wurden und dass Sie die Verarbeitung dieser Daten durch den Eigent\u00fcmer in der in dieser Datenschutzrichtlinie angegebenen Weise und zu den angegebenen Zwecken akzeptieren und damit einverstanden sind.<\/p>\n\n\n\n<p>Widerruflichkeit<\/p>\n\n\n\n<p>Um Ihre Rechte auf Zugriff, Berichtigung, L\u00f6schung, Portabilit\u00e4t und Widerspruch auszu\u00fcben, m\u00fcssen Sie eine E-Mail zusammen mit einem rechtsg\u00fcltigen Nachweis wie einer Fotokopie Ihres Personalausweises oder einem gleichwertigen Dokument an info@kalmahomes.es senden.<\/p>\n\n\n\n<p>Die Aus\u00fcbung Ihrer Rechte umfasst nicht die Verarbeitung von Daten, die der Verantwortliche aus administrativen, rechtlichen oder sicherheitsrelevanten Gr\u00fcnden aufbewahren muss.<\/p>\n\n\n\n<p>\u00c4nderungen der Datenschutzrichtlinie<\/p>\n\n\n\n<p>Der Eigent\u00fcmer beh\u00e4lt sich das Recht vor, diese Datenschutzrichtlinie zu \u00e4ndern, um sie an neue Gesetze oder Rechtsprechung sowie an Branchenpraktiken anzupassen.<\/p>\n\n\n\n<p>Diese Richtlinien bleiben in Kraft, bis sie durch andere, ordnungsgem\u00e4\u00df ver\u00f6ffentlichte Richtlinien ge\u00e4ndert werden. &quot; jedoch mit diesen Informationen: Name: KALMA GESTION INTEGRAL SL, CIF: B56268055, Adresse: AVENIDA MESTRAL 6, 03570 VILLAJOYOSA \u2013 SPANIEN<\/p>","protected":false},"excerpt":{"rendered":"<p>Kalma Gesti\u00f3n Integral SL\u00a0en adelante, el titular,\u00a0te informa sobre su Pol\u00edtica de Privacidad respecto del tratamiento y protecci\u00f3n de los datos de car\u00e1cter personal de los usuarios y clientes que puedan ser recabados por la navegaci\u00f3n o contrataci\u00f3n de servicios a trav\u00e9s del sitio Web https:\/\/kalmahomes.es. En este sentido, el Titular garantiza el cumplimiento de [&hellip;]<\/p>","protected":false},"author":1,"featured_media":0,"parent":0,"menu_order":0,"comment_status":"closed","ping_status":"closed","template":"","meta":{"_joinchat":[],"footnotes":""},"class_list":["post-12","page","type-page","status-publish","hentry"],"_links":{"self":[{"href":"https:\/\/kalmahomes.es\/de\/wp-json\/wp\/v2\/pages\/12","targetHints":{"allow":["GET"]}}],"collection":[{"href":"https:\/\/kalmahomes.es\/de\/wp-json\/wp\/v2\/pages"}],"about":[{"href":"https:\/\/kalmahomes.es\/de\/wp-json\/wp\/v2\/types\/page"}],"author":[{"embeddable":true,"href":"https:\/\/kalmahomes.es\/de\/wp-json\/wp\/v2\/users\/1"}],"replies":[{"embeddable":true,"href":"https:\/\/kalmahomes.es\/de\/wp-json\/wp\/v2\/comments?post=12"}],"version-history":[{"count":6,"href":"https:\/\/kalmahomes.es\/de\/wp-json\/wp\/v2\/pages\/12\/revisions"}],"predecessor-version":[{"id":2014,"href":"https:\/\/kalmahomes.es\/de\/wp-json\/wp\/v2\/pages\/12\/revisions\/2014"}],"wp:attachment":[{"href":"https:\/\/kalmahomes.es\/de\/wp-json\/wp\/v2\/media?parent=12"}],"curies":[{"name":"wp","href":"https:\/\/api.w.org\/{rel}","templated":true}]}}