{"id":22,"date":"2025-03-13T07:26:26","date_gmt":"2025-03-13T06:26:26","guid":{"rendered":"https:\/\/kalmahomes.es\/?page_id=22"},"modified":"2025-03-25T21:57:45","modified_gmt":"2025-03-25T20:57:45","slug":"declaracion-de-accesibilidad","status":"publish","type":"page","link":"https:\/\/kalmahomes.es\/de\/declaracion-de-accesibilidad\/","title":{"rendered":"Erkl\u00e4rung zur Barrierefreiheit"},"content":{"rendered":"<p><strong>Treatcab SL<\/strong>\u00a0hat sich verpflichtet, seine Website gem\u00e4\u00df den\u00a0<a href=\"http:\/\/www.boe.es\/diario_boe\/txt.php?id=BOE-A-2018-12699\" target=\"_blank\" rel=\"noreferrer noopener\">K\u00f6nigliches Dekret 1112\/2018 vom 7. September \u00fcber die Zug\u00e4nglichkeit von Websites und mobilen Anwendungen im \u00f6ffentlichen Sektor.<\/a><\/p>\n\n\n\n<p>Diese Erkl\u00e4rung zur Barrierefreiheit gilt f\u00fcr die Website <strong>https:\/\/kalmahomes.es<\/strong><\/p>\n\n\n\n<h2 class=\"wp-block-heading\">Konformit\u00e4tsstatus<\/h2>\n\n\n\n<p>Diese Website ist&nbsp;<strong>teilweise konform&nbsp;<\/strong>mit RD 1112\/2018 aufgrund der Ausnahmen und der Nichteinhaltung der unten angegebenen Aspekte.<\/p>\n\n\n\n<h2 class=\"wp-block-heading\">Inhalt nicht zug\u00e4nglich<\/h2>\n\n\n\n<p>Der folgende Inhalt ist aus folgenden Gr\u00fcnden nicht barrierefrei:<\/p>\n\n\n\n<ol class=\"wp-block-list\">\n<li>Nichteinhaltung der K\u00f6niglichen Verordnung 1112\/2018\n<ul class=\"wp-block-list\">\n<li>Es gibt Logos und Bilder mit falschem oder verwirrendem Alternativtext und komplexe Bilder ohne Textbeschreibung [Anforderungsnummer 9.1.1.1 Nicht-textueller Inhalt, von UNE-EN 301549:2022].<\/li>\n\n\n\n<li>Es gibt falsch erstellte Listen (keine Listenbezeichnung), Tabellen mit falsch beschrifteten Zellen und unsichtbare Bezeichnungen in Formularelementen [Anforderungsnummer 9.1.3.1 Informationen und Beziehungen, von UNE-EN 301549:2022].<\/li>\n\n\n\n<li>Es gibt Tabellen, die nicht an kleine Bildschirmgr\u00f6\u00dfen angepasst sind, und Formularfelder, die auf kleinen Bildschirmgr\u00f6\u00dfen nicht richtig angezeigt werden [Anforderungsnummer 9.1.4.10 Textumbruch, von UNE-EN 301549:2022].<\/li>\n\n\n\n<li>Es gibt Text, der beim \u00c4ndern der Abst\u00e4nde und Zeilenh\u00f6hen nicht richtig angezeigt wird [Anforderungsnummer 9.1.4.12 Textabstand, von UNE-EN 301549:2022].<\/li>\n\n\n\n<li>Es gibt Elemente, auf die nicht \u00fcber die Tastatur zugegriffen werden kann, z. B. Links zu sozialen Netzwerken, der Texteditor f\u00fcr Kommentare, Elemente zum Sortieren von Suchergebnissen, Paginierung von Suchergebnissen oder Kalenderpfeile [Anforderungsnummer 9.2.1.1 Tastatur, von UNE-EN 301549:2022].<\/li>\n\n\n\n<li>Es gibt Elemente, die keinen Fokus erhalten und daher nicht \u00fcber die Tastatur bedient werden k\u00f6nnen, beispielsweise [Anforderungsnummer 9.2.4.3 Fokusreihenfolge, von UNE-EN 301549:2022].<\/li>\n\n\n\n<li>Es gibt Links, deren Funktion nicht richtig identifiziert wird (sie haben eine unzureichende Beschreibung, einen zu allgemeinen Text, einen unzureichenden Titel usw.).<br>[Anforderungsnummer 9.2.4.4 Zweck der Links, von UNE-EN 301549:2022].<\/li>\n\n\n\n<li>Es gibt \u00dcberschriften mit wiederholtem und\/oder nicht beschreibendem Text [Anforderungsnummer 9.2.4.6 \u00dcberschriften und Beschriftungen, von UNE-EN 301549:2022].<\/li>\n\n\n\n<li>Es gibt Bilder, Infografiken, Link- oder Buttontexte, \u00dcberschriftentexte und Inhalte, die nicht in andere Sprachen \u00fcbersetzt sind [Anforderungsnummer 9.3.1.2 Sprache der Teile, von UNE-EN 301549:2022].<\/li>\n\n\n\n<li>Auf einigen Seiten wird dasselbe Symbol f\u00fcr unterschiedliche Zwecke verwendet, was zu Verwirrung f\u00fchrt [Anforderungsnummer 9.3.2.4 \u201eKonsistente Identifizierung\u201c von UNE-EN 301549:2022].<\/li>\n\n\n\n<li>Es gibt Fehlermeldungen, die nicht sehr aussagekr\u00e4ftig sind oder Fehlermeldungen, die nicht in einer einzigen Meldung zusammengefasst sind, sowie einen Mangel an Vorschl\u00e4gen im Formular, um die Felder korrekt auszuf\u00fcllen [Anforderungsnummer 9.3.3.1 Fehleridentifizierung, von UNE-EN 301549:2022].<\/li>\n\n\n\n<li>Es gibt Formulare mit Pflichtfeldern, bei denen der Benutzer nicht darauf hingewiesen wird, sowie Felder, bei denen ein Textbeispiel f\u00fcr das Feldformat fehlt.<br>(wie etwa DNI) [Anforderungsnummer 9.3.3.2 Etiketten und Anweisungen, von UNE-EN 301549:2022].<\/li>\n\n\n\n<li>Es gibt Formularfelder, bei denen bei der Eingabe eines falschen Wertes ein Fehler gemeldet wird, jedoch kein Korrekturvorschlag bereitgestellt wird.<br>[Anforderungsnummer 9.3.3.3 Vorschl\u00e4ge f\u00fcr Fehler, von UNE-EN 301549:2022].<\/li>\n\n\n\n<li>Es gibt Seiten mit Syntaxfehlern und daher interpretieren einige Hilfsprodukte den Inhalt m\u00f6glicherweise nicht richtig (doppelte Seiten-IDs, nicht geschlossene Tags, falsche Tag-Konstruktion usw.). [Anforderungsnummer 9.4.1.1 Verarbeitung, von UNE-EN 301549:2022].<\/li>\n\n\n\n<li>Es gibt Seiten, auf denen unterst\u00fctzende Produkte keine Informationen abrufen, nicht interagieren und den Status der Steuerelemente der Benutzeroberfl\u00e4che nicht kennen, wie z. B. Hilfemeldungen, Statusmeldungen zu Aktionsergebnissen, Linkattribute, Bilder in der Seitensprache usw., die zum Zeitpunkt ihres Erscheinens nicht von Bildschirmleseger\u00e4ten gelesen werden k\u00f6nnen [Anforderungsnummer 9.4.1.2 Name, Funktion, Wert von UNE-EN 301549:2022].<\/li>\n\n\n\n<li>Auf einigen Webseiten kann es gelegentlich zu Bearbeitungsfehlern kommen.<\/li>\n<\/ul>\n<\/li>\n\n\n\n<li>Unverh\u00e4ltnism\u00e4\u00dfige Belastung\n<ul class=\"wp-block-list\">\n<li>Nicht zutreffend.<\/li>\n<\/ul>\n<\/li>\n\n\n\n<li>Der Inhalt f\u00e4llt nicht in den Anwendungsbereich der geltenden Gesetzgebung\n<ul class=\"wp-block-list\">\n<li>M\u00f6glicherweise gibt es Office-Dateien im PDF- oder anderen Format, die vor dem 20. September 2018 ver\u00f6ffentlicht wurden und nicht alle Anforderungen an die Barrierefreiheit erf\u00fcllen. Es wurden jedoch Anstrengungen unternommen, um sicherzustellen, dass die meisten von ihnen den Vorschriften entsprechen.<\/li>\n<\/ul>\n<\/li>\n<\/ol>\n\n\n\n<h2 class=\"wp-block-heading\">Erstellung dieser Erkl\u00e4rung zur Barrierefreiheit<\/h2>\n\n\n\n<p>Diese Erkl\u00e4rung wurde erstellt am <strong>25\/03\/2025<\/strong>.<\/p>\n\n\n\n<p>Die Methode zur Erstellung der Erkl\u00e4rung war eine vom Unternehmen selbst durchgef\u00fchrte Selbsteinsch\u00e4tzung.<\/p>\n\n\n\n<p>Letzte \u00dcberarbeitung der Erkl\u00e4rung: <strong><strong>25\/03\/2025<\/strong><\/strong>.<\/p>\n\n\n\n<h2 class=\"wp-block-heading\">Kommentare und Kontaktinformationen<\/h2>\n\n\n\n<p>Sie k\u00f6nnen Mitteilungen zu den Anforderungen an die Barrierefreiheit (Artikel 10.2.a) des K\u00f6niglichen Dekrets 1112\/2018) wie folgt \u00fcbermitteln:<\/p>\n\n\n\n<ul class=\"wp-block-list\">\n<li>Melden Sie m\u00f6gliche Verst\u00f6\u00dfe dieser Website<\/li>\n\n\n\n<li>andere Schwierigkeiten beim Zugriff auf die Inhalte mitteilen<\/li>\n\n\n\n<li>sonstige Fragen oder Verbesserungsvorschl\u00e4ge zur Barrierefreiheit der Website stellen<\/li>\n<\/ul>\n\n\n\n<p>Durch die folgenden&nbsp;<a href=\"\/de\/contacto\/\">Kontaktformular.<\/a><\/p>\n\n\n\n<p>Sie k\u00f6nnen vorlegen:<\/p>\n\n\n\n<ul class=\"wp-block-list\">\n<li>eine Beschwerde bez\u00fcglich der Einhaltung der Anforderungen des K\u00f6niglichen Erlasses 1112\/2018 oder<\/li>\n\n\n\n<li>eine zug\u00e4ngliche Informationsanfrage bez\u00fcglich:\n<ul class=\"wp-block-list\">\n<li>Inhalte, die vom Anwendungsbereich des K\u00f6niglichen Dekrets 1112\/2018 gem\u00e4\u00df Artikel 3, Abschnitt 4 ausgeschlossen sind<\/li>\n\n\n\n<li>Inhalte, die von der Einhaltung der Barrierefreiheitsanforderungen ausgenommen sind, weil sie eine unverh\u00e4ltnism\u00e4\u00dfige Belastung darstellen.<\/li>\n<\/ul>\n<\/li>\n<\/ul>\n\n\n\n<p>In der Anfrage nach zug\u00e4nglichen Informationen m\u00fcssen die Fakten, Gr\u00fcnde und die Anfrage klar dargelegt werden, um nachzuweisen, dass es sich um eine angemessene und legitime Anfrage handelt.<\/p>\n\n\n\n<h2 class=\"wp-block-heading\">Optionaler Inhalt<\/h2>\n\n\n\n<p>Diese Website wendet die Anforderungen der UNE-EN 301549:2022 unter Ber\u00fccksichtigung der Ausnahmen des K\u00f6niglichen Dekrets 1112\/2018 an.<\/p>\n\n\n\n<p>Die letzte \u00dcberpr\u00fcfung der Zug\u00e4nglichkeit wurde durchgef\u00fchrt in <strong><strong>25\/03\/2025<\/strong><\/strong>.<\/p>\n\n\n\n<p>Die Website ist f\u00fcr Microsoft Internet Explorer 8.0 oder h\u00f6her und die neuesten Versionen von Firefox, Safari, Opera und Google Chrome optimiert. Die empfohlene Mindestaufl\u00f6sung f\u00fcr das Web betr\u00e4gt 1280 \u00d7 1024.<\/p>\n\n\n\n<p>Die Website ist f\u00fcr eine responsive Anzeige konzipiert, sodass sie auf Tablets und Mobilger\u00e4ten optimal angezeigt wird. Auf diesen Ger\u00e4ten ist es f\u00fcr die Anzeige auf den neuesten Versionen von Chrome f\u00fcr Mobilger\u00e4te, Firefox f\u00fcr Mobilger\u00e4te, Safari f\u00fcr Mobilger\u00e4te, Opera Mini und dem nativen Android-Browser optimiert.<\/p>","protected":false},"excerpt":{"rendered":"<p>Treatcab SL\u00a0se ha comprometido a hacer accesible su sitio web de conformidad con el\u00a0Real Decreto 1112\/2018, de 7 de septiembre, sobre accesibilidad de los sitios web y aplicaciones para dispositivos m\u00f3viles del sector p\u00fablico. La presente declaraci\u00f3n de accesibilidad se aplica al sitio web https:\/\/kalmahomes.es Situaci\u00f3n de cumplimiento Este sitio web es&nbsp;parcialmente conforme&nbsp;con el RD [&hellip;]<\/p>","protected":false},"author":1,"featured_media":0,"parent":0,"menu_order":0,"comment_status":"closed","ping_status":"closed","template":"","meta":{"_joinchat":[],"footnotes":""},"class_list":["post-22","page","type-page","status-publish","hentry"],"_links":{"self":[{"href":"https:\/\/kalmahomes.es\/de\/wp-json\/wp\/v2\/pages\/22","targetHints":{"allow":["GET"]}}],"collection":[{"href":"https:\/\/kalmahomes.es\/de\/wp-json\/wp\/v2\/pages"}],"about":[{"href":"https:\/\/kalmahomes.es\/de\/wp-json\/wp\/v2\/types\/page"}],"author":[{"embeddable":true,"href":"https:\/\/kalmahomes.es\/de\/wp-json\/wp\/v2\/users\/1"}],"replies":[{"embeddable":true,"href":"https:\/\/kalmahomes.es\/de\/wp-json\/wp\/v2\/comments?post=22"}],"version-history":[{"count":2,"href":"https:\/\/kalmahomes.es\/de\/wp-json\/wp\/v2\/pages\/22\/revisions"}],"predecessor-version":[{"id":429,"href":"https:\/\/kalmahomes.es\/de\/wp-json\/wp\/v2\/pages\/22\/revisions\/429"}],"wp:attachment":[{"href":"https:\/\/kalmahomes.es\/de\/wp-json\/wp\/v2\/media?parent=22"}],"curies":[{"name":"wp","href":"https:\/\/api.w.org\/{rel}","templated":true}]}}