{"id":42,"date":"2025-03-13T07:27:30","date_gmt":"2025-03-13T06:27:30","guid":{"rendered":"https:\/\/kalmahomes.es\/?page_id=42"},"modified":"2025-03-25T21:43:22","modified_gmt":"2025-03-25T20:43:22","slug":"como-funciona","status":"publish","type":"page","link":"https:\/\/kalmahomes.es\/de\/como-funciona\/","title":{"rendered":"So funktioniert es"},"content":{"rendered":"<div data-elementor-type=\"wp-page\" data-elementor-id=\"42\" class=\"elementor elementor-42\" data-elementor-post-type=\"page\">\n\t\t\t\t<div class=\"elementor-element elementor-element-f9221b2 e-flex e-con-boxed e-con e-parent\" data-id=\"f9221b2\" data-element_type=\"container\" data-e-type=\"container\" data-settings=\"{&quot;background_background&quot;:&quot;classic&quot;}\">\n\t\t\t\t\t<div class=\"e-con-inner\">\n\t\t<div class=\"elementor-element elementor-element-974bd56 e-con-full e-flex e-con e-child\" data-id=\"974bd56\" data-element_type=\"container\" data-e-type=\"container\">\n\t\t\t\t<div class=\"elementor-element elementor-element-1329ab4 elementor-widget-mobile__width-initial elementor-widget elementor-widget-heading\" data-id=\"1329ab4\" data-element_type=\"widget\" data-e-type=\"widget\" data-widget_type=\"heading.default\">\n\t\t\t\t<div class=\"elementor-widget-container\">\n\t\t\t\t\t<h2 class=\"elementor-heading-title elementor-size-default\">UNSER PROZESS<\/h2>\t\t\t\t<\/div>\n\t\t\t\t<\/div>\n\t\t\t\t<div class=\"elementor-element elementor-element-6654f51 elementor-widget elementor-widget-text-editor\" data-id=\"6654f51\" data-element_type=\"widget\" data-e-type=\"widget\" data-widget_type=\"text-editor.default\">\n\t\t\t\t<div class=\"elementor-widget-container\">\n\t\t\t\t\t\t\t\t\t<p>Wir bei Kalma Homes glauben, dass die Vermietung Ihrer Immobilie eine einfache, kosteng\u00fcnstige und problemlose Erfahrung sein sollte. Aus diesem Grund haben wir einen klaren und effizienten Prozess entwickelt, damit Sie ohne Stress mit der Erzielung von Einnahmen beginnen k\u00f6nnen.<\/p><p>Vom ersten Kontakt bis zur t\u00e4glichen Verwaltung Ihrer Wohnung sorgen wir daf\u00fcr, dass alles optimiert ist, damit Sie die Vorteile einer Ferienvermietung genie\u00dfen k\u00f6nnen, ohne sich um die Details k\u00fcmmern zu m\u00fcssen.<\/p><p><b>Entspannen Sie sich einfach, wir k\u00fcmmern uns um den Rest.<br \/>Entdecken Sie, wie wir arbeiten, und legen Sie noch heute los.\u00a0<\/b><\/p>\t\t\t\t\t\t\t\t<\/div>\n\t\t\t\t<\/div>\n\t\t\t\t<\/div>\n\t\t\t\t\t<\/div>\n\t\t\t\t<\/div>\n\t\t<div class=\"elementor-element elementor-element-bfcc731 e-flex e-con-boxed e-con e-parent\" data-id=\"bfcc731\" data-element_type=\"container\" data-e-type=\"container\">\n\t\t\t\t\t<div class=\"e-con-inner\">\n\t\t\t\t<div class=\"elementor-element elementor-element-ba2af8a elementor-widget elementor-widget-heading\" data-id=\"ba2af8a\" data-element_type=\"widget\" data-e-type=\"widget\" data-widget_type=\"heading.default\">\n\t\t\t\t<div class=\"elementor-widget-container\">\n\t\t\t\t\t<h2 class=\"elementor-heading-title elementor-size-default\">Ein einfacher Prozess f\u00fcr Eigent\u00fcmer<\/h2>\t\t\t\t<\/div>\n\t\t\t\t<\/div>\n\t\t\t\t<div class=\"elementor-element elementor-element-3bdcae7 elementor-widget elementor-widget-text-editor\" data-id=\"3bdcae7\" data-element_type=\"widget\" data-e-type=\"widget\" data-widget_type=\"text-editor.default\">\n\t\t\t\t<div class=\"elementor-widget-container\">\n\t\t\t\t\t\t\t\t\tSchritte, die ab dem Moment zu befolgen sind, in dem ein Hausbesitzer Kalma Homes kontaktiert:\t\t\t\t\t\t\t\t<\/div>\n\t\t\t\t<\/div>\n\t\t\t\t\t<\/div>\n\t\t\t\t<\/div>\n\t\t<div class=\"elementor-element elementor-element-b2b6a44 e-flex e-con-boxed e-con e-parent\" data-id=\"b2b6a44\" data-element_type=\"container\" data-e-type=\"container\">\n\t\t\t\t\t<div class=\"e-con-inner\">\n\t\t<div class=\"elementor-element elementor-element-700dd6d e-con-full e-flex e-con e-child\" data-id=\"700dd6d\" data-element_type=\"container\" data-e-type=\"container\">\n\t\t\t\t<div class=\"elementor-element elementor-element-8a5a609 elementor-widget elementor-widget-heading\" data-id=\"8a5a609\" data-element_type=\"widget\" data-e-type=\"widget\" data-widget_type=\"heading.default\">\n\t\t\t\t<div class=\"elementor-widget-container\">\n\t\t\t\t\t<h5 class=\"elementor-heading-title elementor-size-default\"><b>SCHRITT 1:<\/b> Erstkontakt<\/h5>\t\t\t\t<\/div>\n\t\t\t\t<\/div>\n\t\t\t\t<div class=\"elementor-element elementor-element-9762e0d elementor-widget elementor-widget-text-editor\" data-id=\"9762e0d\" data-element_type=\"widget\" data-e-type=\"widget\" data-widget_type=\"text-editor.default\">\n\t\t\t\t<div class=\"elementor-widget-container\">\n\t\t\t\t\t\t\t\t\t<p>Der Eigent\u00fcmer kontaktiert Kalma Homes entweder \u00fcber unser Online-Formular, per Telefonanruf oder per E-Mail. Unser Team wird schnell auf alle Fragen antworten und Ihnen erkl\u00e4ren, wie wir Ihnen helfen k\u00f6nnen, die Leistung Ihrer Immobilie zu maximieren.<\/p>\t\t\t\t\t\t\t\t<\/div>\n\t\t\t\t<\/div>\n\t\t\t\t<\/div>\n\t\t<div class=\"elementor-element elementor-element-41b2b6b e-con-full e-flex e-con e-child\" data-id=\"41b2b6b\" data-element_type=\"container\" data-e-type=\"container\">\n\t\t\t\t<div class=\"elementor-element elementor-element-b9fa3ed elementor-widget elementor-widget-heading\" data-id=\"b9fa3ed\" data-element_type=\"widget\" data-e-type=\"widget\" data-widget_type=\"heading.default\">\n\t\t\t\t<div class=\"elementor-widget-container\">\n\t\t\t\t\t<h5 class=\"elementor-heading-title elementor-size-default\"><b>SCHRITT 2:<\/b> PERSONALISIERTE IMMOBILIENBEWERTUNG<\/h5>\t\t\t\t<\/div>\n\t\t\t\t<\/div>\n\t\t\t\t<div class=\"elementor-element elementor-element-4cab936 elementor-widget elementor-widget-text-editor\" data-id=\"4cab936\" data-element_type=\"widget\" data-e-type=\"widget\" data-widget_type=\"text-editor.default\">\n\t\t\t\t<div class=\"elementor-widget-container\">\n\t\t\t\t\t\t\t\t\t<p>Wir f\u00fchren eine gr\u00fcndliche Bewertung der Wohnung durch, um ihr Potenzial zu ermitteln. Hierzu geh\u00f6rt eine Analyse des Zustands, der Lage und der besonderen Merkmale der Immobilie. Auf dieser Grundlage entwickeln wir eine auf Ihre Bed\u00fcrfnisse und Ziele zugeschnittene Managementstrategie und stellen sicher, dass jedes Detail optimiert wird, um die beste Rentabilit\u00e4t zu erzielen.<\/p>\t\t\t\t\t\t\t\t<\/div>\n\t\t\t\t<\/div>\n\t\t\t\t<\/div>\n\t\t<div class=\"elementor-element elementor-element-af7c02b e-con-full e-flex e-con e-child\" data-id=\"af7c02b\" data-element_type=\"container\" data-e-type=\"container\">\n\t\t\t\t<div class=\"elementor-element elementor-element-2e43159 elementor-widget elementor-widget-heading\" data-id=\"2e43159\" data-element_type=\"widget\" data-e-type=\"widget\" data-widget_type=\"heading.default\">\n\t\t\t\t<div class=\"elementor-widget-container\">\n\t\t\t\t\t<h5 class=\"elementor-heading-title elementor-size-default\"><b>SCHRITT 3:<\/b> Vertragsunterzeichnung<\/h5>\t\t\t\t<\/div>\n\t\t\t\t<\/div>\n\t\t\t\t<div class=\"elementor-element elementor-element-734bbbe elementor-widget elementor-widget-text-editor\" data-id=\"734bbbe\" data-element_type=\"widget\" data-e-type=\"widget\" data-widget_type=\"text-editor.default\">\n\t\t\t\t<div class=\"elementor-widget-container\">\n\t\t\t\t\t\t\t\t\tSobald die Strategie definiert ist, unterzeichnen wir einen klaren und transparenten Vertrag, der die Bedingungen der Immobilienverwaltung festlegt. In diesem Vertrag sind alle enthaltenen Leistungen, Geb\u00fchren und Bearbeitungszeiten aufgef\u00fchrt, sodass der Eigent\u00fcmer immer wei\u00df, was ihn erwartet.\t\t\t\t\t\t\t\t<\/div>\n\t\t\t\t<\/div>\n\t\t\t\t<\/div>\n\t\t<div class=\"elementor-element elementor-element-9627179 e-con-full e-flex e-con e-child\" data-id=\"9627179\" data-element_type=\"container\" data-e-type=\"container\">\n\t\t\t\t<div class=\"elementor-element elementor-element-51ffff6 elementor-widget elementor-widget-heading\" data-id=\"51ffff6\" data-element_type=\"widget\" data-e-type=\"widget\" data-widget_type=\"heading.default\">\n\t\t\t\t<div class=\"elementor-widget-container\">\n\t\t\t\t\t<h5 class=\"elementor-heading-title elementor-size-default\"><b>SCHRITT 4:<\/b> MANAGEMENT-AKTIVIERUNG<\/h5>\t\t\t\t<\/div>\n\t\t\t\t<\/div>\n\t\t\t\t<div class=\"elementor-element elementor-element-263483c elementor-widget elementor-widget-text-editor\" data-id=\"263483c\" data-element_type=\"widget\" data-e-type=\"widget\" data-widget_type=\"text-editor.default\">\n\t\t\t\t<div class=\"elementor-widget-container\">\n\t\t\t\t\t\t\t\t\t<p>Mit der Vertragsunterzeichnung beginnen wir mit der Umsetzung des Prozesses. Wir listen die Wohnung auf den wichtigsten Mietplattformen (wie Airbnb und Booking), optimieren die Preise basierend auf der Nachfrage und verwalten alle Reservierungen effizient. Wir stellen sicher, dass jeder Aspekt, von Fotos bis zu Beschreibungen, perfekt abgestimmt ist, um die richtigen G\u00e4ste anzuziehen.\u00a0<\/p>\t\t\t\t\t\t\t\t<\/div>\n\t\t\t\t<\/div>\n\t\t\t\t<\/div>\n\t\t<div class=\"elementor-element elementor-element-94f22fc e-con-full e-flex e-con e-child\" data-id=\"94f22fc\" data-element_type=\"container\" data-e-type=\"container\">\n\t\t\t\t<div class=\"elementor-element elementor-element-b0d6400 elementor-widget elementor-widget-heading\" data-id=\"b0d6400\" data-element_type=\"widget\" data-e-type=\"widget\" data-widget_type=\"heading.default\">\n\t\t\t\t<div class=\"elementor-widget-container\">\n\t\t\t\t\t<h5 class=\"elementor-heading-title elementor-size-default\"><b>SCHRITT 5:<\/b> KONTINUIERLICHES UND SORGENFREIES MANAGEMENT<\/h5>\t\t\t\t<\/div>\n\t\t\t\t<\/div>\n\t\t\t\t<div class=\"elementor-element elementor-element-b2e7572 elementor-widget elementor-widget-text-editor\" data-id=\"b2e7572\" data-element_type=\"widget\" data-e-type=\"widget\" data-widget_type=\"text-editor.default\">\n\t\t\t\t<div class=\"elementor-widget-container\">\n\t\t\t\t\t\t\t\t\t<p>Kalma Homes k\u00fcmmert sich um alle Aspekte der Ferienvermietung. Hierzu geh\u00f6ren ein 24\/7-G\u00e4steservice, die Koordination der professionellen Reinigung, die Instandhaltung der Immobilie und die Bew\u00e4ltigung aller auftretenden Vorf\u00e4lle. Der Eigent\u00fcmer kann sich entspannen und die Vorteile der Rentabilit\u00e4t genie\u00dfen, ohne sich um den t\u00e4glichen Betrieb k\u00fcmmern zu m\u00fcssen.<\/p>\t\t\t\t\t\t\t\t<\/div>\n\t\t\t\t<\/div>\n\t\t\t\t<\/div>\n\t\t\t\t\t<\/div>\n\t\t\t\t<\/div>\n\t\t<div class=\"elementor-element elementor-element-a6b1822 e-flex e-con-boxed e-con e-parent\" data-id=\"a6b1822\" data-element_type=\"container\" data-e-type=\"container\">\n\t\t\t\t\t<div class=\"e-con-inner\">\n\t\t<div class=\"elementor-element elementor-element-c4613ac e-con-full e-flex e-con e-child\" data-id=\"c4613ac\" data-element_type=\"container\" data-e-type=\"container\" data-settings=\"{&quot;background_background&quot;:&quot;classic&quot;}\">\n\t\t\t\t<div class=\"elementor-element elementor-element-6c4d641 elementor-widget elementor-widget-heading\" data-id=\"6c4d641\" data-element_type=\"widget\" data-e-type=\"widget\" data-widget_type=\"heading.default\">\n\t\t\t\t<div class=\"elementor-widget-container\">\n\t\t\t\t\t<h3 class=\"elementor-heading-title elementor-size-default\">MACHEN SIE IHRE IMMOBILIE ZU EINER STRESSFREIEN EINNAHMEQUELLE<\/h3>\t\t\t\t<\/div>\n\t\t\t\t<\/div>\n\t\t\t\t<div class=\"elementor-element elementor-element-2a1e710 elementor-widget elementor-widget-text-editor\" data-id=\"2a1e710\" data-element_type=\"widget\" data-e-type=\"widget\" data-widget_type=\"text-editor.default\">\n\t\t\t\t<div class=\"elementor-widget-container\">\n\t\t\t\t\t\t\t\t\t<p>Bei Kalma Homes k\u00fcmmern wir uns um alles, damit Sie die Vorteile genie\u00dfen k\u00f6nnen. Machen Sie den ersten Schritt zu einem professionellen, transparenten und sorgenfreien Management.<\/p>\t\t\t\t\t\t\t\t<\/div>\n\t\t\t\t<\/div>\n\t\t\t\t<div class=\"elementor-element elementor-element-389620f elementor-widget elementor-widget-text-editor\" data-id=\"389620f\" data-element_type=\"widget\" data-e-type=\"widget\" data-widget_type=\"text-editor.default\">\n\t\t\t\t<div class=\"elementor-widget-container\">\n\t\t\t\t\t\t\t\t\t<p><strong>Einfach, sicher und profitabel.<\/strong><\/p>\t\t\t\t\t\t\t\t<\/div>\n\t\t\t\t<\/div>\n\t\t\t\t<div class=\"elementor-element elementor-element-b4c41d4 elementor-align-center elementor-widget elementor-widget-button\" data-id=\"b4c41d4\" data-element_type=\"widget\" data-e-type=\"widget\" data-widget_type=\"button.default\">\n\t\t\t\t<div class=\"elementor-widget-container\">\n\t\t\t\t\t\t\t\t\t<div class=\"elementor-button-wrapper\">\n\t\t\t\t\t<a class=\"elementor-button elementor-button-link elementor-size-sm\" href=\"\/de\/contacto\/\">\n\t\t\t\t\t\t<span class=\"elementor-button-content-wrapper\">\n\t\t\t\t\t\t\t\t\t<span class=\"elementor-button-text\">JETZT STARTEN<\/span>\n\t\t\t\t\t<\/span>\n\t\t\t\t\t<\/a>\n\t\t\t\t<\/div>\n\t\t\t\t\t\t\t\t<\/div>\n\t\t\t\t<\/div>\n\t\t\t\t<\/div>\n\t\t\t\t\t<\/div>\n\t\t\t\t<\/div>\n\t\t\t\t<\/div>","protected":false},"excerpt":{"rendered":"<p>NUESTRO PROCESO En Kalma Homes, creemos que alquilar tu propiedad debe ser una experiencia sencilla, rentable y sin complicaciones. Por eso, hemos dise\u00f1ado un proceso claro y eficiente para que puedas empezar a generar ingresos sin estr\u00e9s. Desde el primer contacto hasta la gesti\u00f3n diaria de tu apartamento, nos aseguramos de que todo est\u00e9 optimizado [&hellip;]<\/p>","protected":false},"author":2,"featured_media":232,"parent":0,"menu_order":0,"comment_status":"closed","ping_status":"closed","template":"","meta":{"_joinchat":[],"footnotes":""},"class_list":["post-42","page","type-page","status-publish","has-post-thumbnail","hentry"],"_links":{"self":[{"href":"https:\/\/kalmahomes.es\/de\/wp-json\/wp\/v2\/pages\/42","targetHints":{"allow":["GET"]}}],"collection":[{"href":"https:\/\/kalmahomes.es\/de\/wp-json\/wp\/v2\/pages"}],"about":[{"href":"https:\/\/kalmahomes.es\/de\/wp-json\/wp\/v2\/types\/page"}],"author":[{"embeddable":true,"href":"https:\/\/kalmahomes.es\/de\/wp-json\/wp\/v2\/users\/2"}],"replies":[{"embeddable":true,"href":"https:\/\/kalmahomes.es\/de\/wp-json\/wp\/v2\/comments?post=42"}],"version-history":[{"count":19,"href":"https:\/\/kalmahomes.es\/de\/wp-json\/wp\/v2\/pages\/42\/revisions"}],"predecessor-version":[{"id":416,"href":"https:\/\/kalmahomes.es\/de\/wp-json\/wp\/v2\/pages\/42\/revisions\/416"}],"wp:featuredmedia":[{"embeddable":true,"href":"https:\/\/kalmahomes.es\/de\/wp-json\/wp\/v2\/media\/232"}],"wp:attachment":[{"href":"https:\/\/kalmahomes.es\/de\/wp-json\/wp\/v2\/media?parent=42"}],"curies":[{"name":"wp","href":"https:\/\/api.w.org\/{rel}","templated":true}]}}