{"id":511,"date":"2025-04-10T11:11:35","date_gmt":"2025-04-10T09:11:35","guid":{"rendered":"https:\/\/kalmahomes.es\/?page_id=511"},"modified":"2025-08-19T13:42:41","modified_gmt":"2025-08-19T11:42:41","slug":"terminos-y-condiciones","status":"publish","type":"page","link":"https:\/\/kalmahomes.es\/de\/terminos-y-condiciones\/","title":{"rendered":"Gesch\u00e4ftsbedingungen"},"content":{"rendered":"<p><strong>Zuletzt aktualisiert: 19. August 2025<\/strong><\/p>\n\n\n\n<h3 class=\"wp-block-heading\">Einf\u00fchrung<\/h3>\n\n\n\n<p>Diese Allgemeinen Gesch\u00e4ftsbedingungen gelten f\u00fcr die Website <strong>kalmahomes.es<\/strong> und Transaktionen im Zusammenhang mit unseren Produkten und Dienstleistungen. Sie unterliegen m\u00f6glicherweise zus\u00e4tzlichen Vereinbarungen im Zusammenhang mit Ihrer Beziehung zu uns oder den von Ihnen erhaltenen Produkten oder Dienstleistungen. Im Falle eines Konflikts haben die Bestimmungen der zus\u00e4tzlichen Vereinbarungen Vorrang.<\/p>\n\n\n\n<h3 class=\"wp-block-heading\">Verlinkung<\/h3>\n\n\n\n<p>Durch den Zugriff auf diese Website, die Registrierung oder die Nutzung dieser Website erkl\u00e4ren Sie sich mit diesen Bedingungen einverstanden. In einigen F\u00e4llen kann Ihre ausdr\u00fcckliche Zustimmung erforderlich sein.<\/p>\n\n\n\n<h3 class=\"wp-block-heading\">Elektronische Kommunikation<\/h3>\n\n\n\n<p>Durch die elektronische Kommunikation erkl\u00e4ren Sie sich damit einverstanden, dass unsere Mitteilungen den gesetzlichen Anforderungen an die Schriftform entsprechen.<\/p>\n\n\n\n<h3 class=\"wp-block-heading\">Geistiges Eigentum<\/h3>\n\n\n\n<p>Die geistigen Eigentumsrechte der Website liegen bei <strong>Kalma Gesti\u00f3n Integral SL<\/strong>, NIF\/CIF: <strong>B56268055<\/strong>Die Vervielf\u00e4ltigung, \u00c4nderung oder Verbreitung des Inhalts ist ohne schriftliche Genehmigung untersagt.<\/p>\n\n\n\n<h3 class=\"wp-block-heading\">Eigentum Dritter<\/h3>\n\n\n\n<p>F\u00fcr die Inhalte externer Links und f\u00fcr Sch\u00e4den, die aus deren Nutzung entstehen, \u00fcbernehmen wir keine Verantwortung.<\/p>\n\n\n\n<h3 class=\"wp-block-heading\">Verantwortungsvoller Umgang<\/h3>\n\n\n\n<p>Der Benutzer verpflichtet sich, keine illegalen Aktivit\u00e4ten durchzuf\u00fchren oder die Funktionalit\u00e4t der Site zu beeintr\u00e4chtigen.<\/p>\n\n\n\n<h3 class=\"wp-block-heading\">Ideen einreichen<\/h3>\n\n\n\n<p>Wir akzeptieren keine Ideen ohne unterzeichnete Vereinbarung. Mit der Einreichung von Ideen ohne Vereinbarung erteilen Sie uns eine nicht exklusive, geb\u00fchrenfreie, weltweite Lizenz zur Nutzung dieser Ideen.<\/p>\n\n\n\n<h3 class=\"wp-block-heading\">Beendigung der Nutzung<\/h3>\n\n\n\n<p>Wir behalten uns das Recht vor, den Zugriff auf die Site ohne vorherige Ank\u00fcndigung einzuschr\u00e4nken.<\/p>\n\n\n\n<h3 class=\"wp-block-heading\">Garantien und Haftung<\/h3>\n\n\n\n<p>Die Website wird \u201ewie besehen\u201c und ohne jegliche implizite Garantien bereitgestellt. Wir \u00fcbernehmen keine Haftung f\u00fcr Sch\u00e4den, die aus der Nutzung dieser Website entstehen.<\/p>\n\n\n\n<h3 class=\"wp-block-heading\">Datenschutz<\/h3>\n\n\n\n<p>Weitere Einzelheiten finden Sie in unseren Datenschutz- und Cookie-Richtlinien.<\/p>\n\n\n\n<h3 class=\"wp-block-heading\">Zug\u00e4nglichkeit<\/h3>\n\n\n\n<p>Wir arbeiten hart daran, die Zug\u00e4nglichkeit zu verbessern. Kontaktieren Sie uns, wenn Sie auf Barrieren sto\u00dfen.<\/p>\n\n\n\n<h3 class=\"wp-block-heading\">Exportbeschr\u00e4nkungen<\/h3>\n\n\n\n<p>Die Verwendung muss den spanischen Exportgesetzen entsprechen.<\/p>\n\n\n\n<h3 class=\"wp-block-heading\">Abtretung<\/h3>\n\n\n\n<p>Sie d\u00fcrfen Ihre Rechte nicht ohne unsere Zustimmung \u00fcbertragen.<\/p>\n\n\n\n<h3 class=\"wp-block-heading\">Versto\u00df<\/h3>\n\n\n\n<p>Wir k\u00f6nnen Ma\u00dfnahmen ergreifen, darunter Zugriffsbeschr\u00e4nkungen und rechtliche Schritte.<\/p>\n\n\n\n<h3 class=\"wp-block-heading\">Entsch\u00e4digung<\/h3>\n\n\n\n<p>Sie stellen uns von Sch\u00e4den frei, die im Zusammenhang mit Verst\u00f6\u00dfen gegen diese Bedingungen entstehen.<\/p>\n\n\n\n<h3 class=\"wp-block-heading\">R\u00fccktritt<\/h3>\n\n\n\n<p>Die Nichtdurchsetzung einer Bestimmung stellt keinen Verzicht auf unsere Rechte dar.<\/p>\n\n\n\n<h3 class=\"wp-block-heading\">Sprache<\/h3>\n\n\n\n<p>Diese Bedingungen werden auf Spanisch interpretiert.<\/p>\n\n\n\n<h3 class=\"wp-block-heading\">Vollst\u00e4ndige Vereinbarung<\/h3>\n\n\n\n<p>Diese Bedingungen und die zugeh\u00f6rigen Richtlinien stellen die gesamte Vereinbarung dar.<\/p>\n\n\n\n<h3 class=\"wp-block-heading\">Aktualisieren<\/h3>\n\n\n\n<p>Wir behalten uns das Recht vor, diese Bedingungen zu \u00e4ndern. Bitte beachten Sie das Datum der letzten Aktualisierung.<\/p>\n\n\n\n<h3 class=\"wp-block-heading\">Zust\u00e4ndigkeit<\/h3>\n\n\n\n<p>Sie unterliegen spanischem Recht und Streitigkeiten werden den spanischen Gerichten vorgelegt.<\/p>\n\n\n\n<hr class=\"wp-block-separator has-alpha-channel-opacity\"\/>\n\n\n\n<h3 class=\"wp-block-heading\">Kontaktinformationen<\/h3>\n\n\n\n<p><strong>Name:<\/strong> Kalma Gesti\u00f3n Integral SL<br><strong>NIF\/CIF:<\/strong> B56268055<br><strong>Adresse:<\/strong> Avda. Mestral 6 Villajoyosa<br><strong>E-Mail:<\/strong> <a class=\"\">info@kalmahomes.es<\/a><br><strong>Telefon:<\/strong> +34 646 45 79 60<br><strong>Webseite:<\/strong> <a class=\"\" href=\"https:\/\/kalmahomes.es\/de\/\">kalmahomes.es<\/a><\/p>\n\n\n\n<p><\/p>","protected":false},"excerpt":{"rendered":"<p>\u00daltima actualizaci\u00f3n: 19 de agosto de 2025 Introducci\u00f3n Estos T\u00e9rminos y Condiciones se aplican al sitio web kalmahomes.es y a las transacciones relacionadas con nuestros productos y servicios. Puede estar sujeto a contratos adicionales relacionados con su relaci\u00f3n con nosotros o con cualquier producto o servicio que reciba. En caso de conflicto, prevalecer\u00e1n las disposiciones [&hellip;]<\/p>","protected":false},"author":3,"featured_media":0,"parent":0,"menu_order":0,"comment_status":"closed","ping_status":"closed","template":"","meta":{"_joinchat":[],"footnotes":""},"class_list":["post-511","page","type-page","status-publish","hentry"],"_links":{"self":[{"href":"https:\/\/kalmahomes.es\/de\/wp-json\/wp\/v2\/pages\/511","targetHints":{"allow":["GET"]}}],"collection":[{"href":"https:\/\/kalmahomes.es\/de\/wp-json\/wp\/v2\/pages"}],"about":[{"href":"https:\/\/kalmahomes.es\/de\/wp-json\/wp\/v2\/types\/page"}],"author":[{"embeddable":true,"href":"https:\/\/kalmahomes.es\/de\/wp-json\/wp\/v2\/users\/3"}],"replies":[{"embeddable":true,"href":"https:\/\/kalmahomes.es\/de\/wp-json\/wp\/v2\/comments?post=511"}],"version-history":[{"count":5,"href":"https:\/\/kalmahomes.es\/de\/wp-json\/wp\/v2\/pages\/511\/revisions"}],"predecessor-version":[{"id":2017,"href":"https:\/\/kalmahomes.es\/de\/wp-json\/wp\/v2\/pages\/511\/revisions\/2017"}],"wp:attachment":[{"href":"https:\/\/kalmahomes.es\/de\/wp-json\/wp\/v2\/media?parent=511"}],"curies":[{"name":"wp","href":"https:\/\/api.w.org\/{rel}","templated":true}]}}