{"id":42,"date":"2025-03-13T07:27:30","date_gmt":"2025-03-13T06:27:30","guid":{"rendered":"https:\/\/kalmahomes.es\/?page_id=42"},"modified":"2025-03-25T21:43:22","modified_gmt":"2025-03-25T20:43:22","slug":"como-funciona","status":"publish","type":"page","link":"https:\/\/kalmahomes.es\/en\/como-funciona\/","title":{"rendered":"How it works"},"content":{"rendered":"<div data-elementor-type=\"wp-page\" data-elementor-id=\"42\" class=\"elementor elementor-42\" data-elementor-post-type=\"page\">\n\t\t\t\t<div class=\"elementor-element elementor-element-f9221b2 e-flex e-con-boxed e-con e-parent\" data-id=\"f9221b2\" data-element_type=\"container\" data-e-type=\"container\" data-settings=\"{&quot;background_background&quot;:&quot;classic&quot;}\">\n\t\t\t\t\t<div class=\"e-con-inner\">\n\t\t<div class=\"elementor-element elementor-element-974bd56 e-con-full e-flex e-con e-child\" data-id=\"974bd56\" data-element_type=\"container\" data-e-type=\"container\">\n\t\t\t\t<div class=\"elementor-element elementor-element-1329ab4 elementor-widget-mobile__width-initial elementor-widget elementor-widget-heading\" data-id=\"1329ab4\" data-element_type=\"widget\" data-e-type=\"widget\" data-widget_type=\"heading.default\">\n\t\t\t\t<div class=\"elementor-widget-container\">\n\t\t\t\t\t<h2 class=\"elementor-heading-title elementor-size-default\">OUR PROCESS<\/h2>\t\t\t\t<\/div>\n\t\t\t\t<\/div>\n\t\t\t\t<div class=\"elementor-element elementor-element-6654f51 elementor-widget elementor-widget-text-editor\" data-id=\"6654f51\" data-element_type=\"widget\" data-e-type=\"widget\" data-widget_type=\"text-editor.default\">\n\t\t\t\t<div class=\"elementor-widget-container\">\n\t\t\t\t\t\t\t\t\t<p>At Kalma Homes, we believe that renting your property should be a simple, profitable, and hassle-free experience. That&#039;s why we&#039;ve designed a clear and efficient process so you can start generating income without stress.<\/p><p>From the first contact to the daily management of your apartment, we make sure everything is optimized so you can enjoy the benefits of vacation rentals without worrying about the details.<\/p><p><b>You just relax, we&#039;ll take care of the rest.<br \/>Discover how we work and get started today.\u00a0<\/b><\/p>\t\t\t\t\t\t\t\t<\/div>\n\t\t\t\t<\/div>\n\t\t\t\t<\/div>\n\t\t\t\t\t<\/div>\n\t\t\t\t<\/div>\n\t\t<div class=\"elementor-element elementor-element-bfcc731 e-flex e-con-boxed e-con e-parent\" data-id=\"bfcc731\" data-element_type=\"container\" data-e-type=\"container\">\n\t\t\t\t\t<div class=\"e-con-inner\">\n\t\t\t\t<div class=\"elementor-element elementor-element-ba2af8a elementor-widget elementor-widget-heading\" data-id=\"ba2af8a\" data-element_type=\"widget\" data-e-type=\"widget\" data-widget_type=\"heading.default\">\n\t\t\t\t<div class=\"elementor-widget-container\">\n\t\t\t\t\t<h2 class=\"elementor-heading-title elementor-size-default\">A simple process for owners<\/h2>\t\t\t\t<\/div>\n\t\t\t\t<\/div>\n\t\t\t\t<div class=\"elementor-element elementor-element-3bdcae7 elementor-widget elementor-widget-text-editor\" data-id=\"3bdcae7\" data-element_type=\"widget\" data-e-type=\"widget\" data-widget_type=\"text-editor.default\">\n\t\t\t\t<div class=\"elementor-widget-container\">\n\t\t\t\t\t\t\t\t\tSteps to follow from the moment a homeowner contacts Kalma Homes:\t\t\t\t\t\t\t\t<\/div>\n\t\t\t\t<\/div>\n\t\t\t\t\t<\/div>\n\t\t\t\t<\/div>\n\t\t<div class=\"elementor-element elementor-element-b2b6a44 e-flex e-con-boxed e-con e-parent\" data-id=\"b2b6a44\" data-element_type=\"container\" data-e-type=\"container\">\n\t\t\t\t\t<div class=\"e-con-inner\">\n\t\t<div class=\"elementor-element elementor-element-700dd6d e-con-full e-flex e-con e-child\" data-id=\"700dd6d\" data-element_type=\"container\" data-e-type=\"container\">\n\t\t\t\t<div class=\"elementor-element elementor-element-8a5a609 elementor-widget elementor-widget-heading\" data-id=\"8a5a609\" data-element_type=\"widget\" data-e-type=\"widget\" data-widget_type=\"heading.default\">\n\t\t\t\t<div class=\"elementor-widget-container\">\n\t\t\t\t\t<h5 class=\"elementor-heading-title elementor-size-default\"><b>STEP 1:<\/b> INITIAL CONTACT<\/h5>\t\t\t\t<\/div>\n\t\t\t\t<\/div>\n\t\t\t\t<div class=\"elementor-element elementor-element-9762e0d elementor-widget elementor-widget-text-editor\" data-id=\"9762e0d\" data-element_type=\"widget\" data-e-type=\"widget\" data-widget_type=\"text-editor.default\">\n\t\t\t\t<div class=\"elementor-widget-container\">\n\t\t\t\t\t\t\t\t\t<p>The homeowner contacts Kalma Homes either through our online form, a phone call, or by email. Our team will respond quickly to answer any questions and explain how we can help maximize the performance of your property.<\/p>\t\t\t\t\t\t\t\t<\/div>\n\t\t\t\t<\/div>\n\t\t\t\t<\/div>\n\t\t<div class=\"elementor-element elementor-element-41b2b6b e-con-full e-flex e-con e-child\" data-id=\"41b2b6b\" data-element_type=\"container\" data-e-type=\"container\">\n\t\t\t\t<div class=\"elementor-element elementor-element-b9fa3ed elementor-widget elementor-widget-heading\" data-id=\"b9fa3ed\" data-element_type=\"widget\" data-e-type=\"widget\" data-widget_type=\"heading.default\">\n\t\t\t\t<div class=\"elementor-widget-container\">\n\t\t\t\t\t<h5 class=\"elementor-heading-title elementor-size-default\"><b>STEP 2:<\/b> PERSONALIZED PROPERTY EVALUATION<\/h5>\t\t\t\t<\/div>\n\t\t\t\t<\/div>\n\t\t\t\t<div class=\"elementor-element elementor-element-4cab936 elementor-widget elementor-widget-text-editor\" data-id=\"4cab936\" data-element_type=\"widget\" data-e-type=\"widget\" data-widget_type=\"text-editor.default\">\n\t\t\t\t<div class=\"elementor-widget-container\">\n\t\t\t\t\t\t\t\t\t<p>We conduct a thorough evaluation of the apartment to determine its potential. This includes an analysis of the property&#039;s condition, location, and outstanding features. From there, we design a management strategy tailored to your needs and objectives, ensuring that every detail is optimized to deliver the best return.<\/p>\t\t\t\t\t\t\t\t<\/div>\n\t\t\t\t<\/div>\n\t\t\t\t<\/div>\n\t\t<div class=\"elementor-element elementor-element-af7c02b e-con-full e-flex e-con e-child\" data-id=\"af7c02b\" data-element_type=\"container\" data-e-type=\"container\">\n\t\t\t\t<div class=\"elementor-element elementor-element-2e43159 elementor-widget elementor-widget-heading\" data-id=\"2e43159\" data-element_type=\"widget\" data-e-type=\"widget\" data-widget_type=\"heading.default\">\n\t\t\t\t<div class=\"elementor-widget-container\">\n\t\t\t\t\t<h5 class=\"elementor-heading-title elementor-size-default\"><b>STEP 3:<\/b> CONTRACT SIGNING<\/h5>\t\t\t\t<\/div>\n\t\t\t\t<\/div>\n\t\t\t\t<div class=\"elementor-element elementor-element-734bbbe elementor-widget elementor-widget-text-editor\" data-id=\"734bbbe\" data-element_type=\"widget\" data-e-type=\"widget\" data-widget_type=\"text-editor.default\">\n\t\t\t\t<div class=\"elementor-widget-container\">\n\t\t\t\t\t\t\t\t\tOnce the strategy is defined, we sign a clear and transparent contract that establishes the terms of the property management. This contract details all included services, fees, and management deadlines, ensuring the owner always knows what to expect.\t\t\t\t\t\t\t\t<\/div>\n\t\t\t\t<\/div>\n\t\t\t\t<\/div>\n\t\t<div class=\"elementor-element elementor-element-9627179 e-con-full e-flex e-con e-child\" data-id=\"9627179\" data-element_type=\"container\" data-e-type=\"container\">\n\t\t\t\t<div class=\"elementor-element elementor-element-51ffff6 elementor-widget elementor-widget-heading\" data-id=\"51ffff6\" data-element_type=\"widget\" data-e-type=\"widget\" data-widget_type=\"heading.default\">\n\t\t\t\t<div class=\"elementor-widget-container\">\n\t\t\t\t\t<h5 class=\"elementor-heading-title elementor-size-default\"><b>STEP 4:<\/b> MANAGEMENT ACTIVATION<\/h5>\t\t\t\t<\/div>\n\t\t\t\t<\/div>\n\t\t\t\t<div class=\"elementor-element elementor-element-263483c elementor-widget elementor-widget-text-editor\" data-id=\"263483c\" data-element_type=\"widget\" data-e-type=\"widget\" data-widget_type=\"text-editor.default\">\n\t\t\t\t<div class=\"elementor-widget-container\">\n\t\t\t\t\t\t\t\t\t<p>Once the contract is signed, we begin the process of managing the apartment. We list the apartment on the most relevant rental platforms (such as Airbnb and Booking), optimize prices based on demand, and efficiently manage all reservations. We ensure that every aspect, from photos to descriptions, is perfectly aligned to attract the right guests.\u00a0<\/p>\t\t\t\t\t\t\t\t<\/div>\n\t\t\t\t<\/div>\n\t\t\t\t<\/div>\n\t\t<div class=\"elementor-element elementor-element-94f22fc e-con-full e-flex e-con e-child\" data-id=\"94f22fc\" data-element_type=\"container\" data-e-type=\"container\">\n\t\t\t\t<div class=\"elementor-element elementor-element-b0d6400 elementor-widget elementor-widget-heading\" data-id=\"b0d6400\" data-element_type=\"widget\" data-e-type=\"widget\" data-widget_type=\"heading.default\">\n\t\t\t\t<div class=\"elementor-widget-container\">\n\t\t\t\t\t<h5 class=\"elementor-heading-title elementor-size-default\"><b>STEP 5:<\/b> CONTINUOUS AND WORRY-FREE MANAGEMENT<\/h5>\t\t\t\t<\/div>\n\t\t\t\t<\/div>\n\t\t\t\t<div class=\"elementor-element elementor-element-b2e7572 elementor-widget elementor-widget-text-editor\" data-id=\"b2e7572\" data-element_type=\"widget\" data-e-type=\"widget\" data-widget_type=\"text-editor.default\">\n\t\t\t\t<div class=\"elementor-widget-container\">\n\t\t\t\t\t\t\t\t\t<p>Kalma Homes handles all aspects of vacation rentals. This includes 24\/7 guest service, coordinating professional cleaning, property maintenance, and managing any issues that may arise. Owners can relax and enjoy the benefits of profitability without having to worry about daily operations.<\/p>\t\t\t\t\t\t\t\t<\/div>\n\t\t\t\t<\/div>\n\t\t\t\t<\/div>\n\t\t\t\t\t<\/div>\n\t\t\t\t<\/div>\n\t\t<div class=\"elementor-element elementor-element-a6b1822 e-flex e-con-boxed e-con e-parent\" data-id=\"a6b1822\" data-element_type=\"container\" data-e-type=\"container\">\n\t\t\t\t\t<div class=\"e-con-inner\">\n\t\t<div class=\"elementor-element elementor-element-c4613ac e-con-full e-flex e-con e-child\" data-id=\"c4613ac\" data-element_type=\"container\" data-e-type=\"container\" data-settings=\"{&quot;background_background&quot;:&quot;classic&quot;}\">\n\t\t\t\t<div class=\"elementor-element elementor-element-6c4d641 elementor-widget elementor-widget-heading\" data-id=\"6c4d641\" data-element_type=\"widget\" data-e-type=\"widget\" data-widget_type=\"heading.default\">\n\t\t\t\t<div class=\"elementor-widget-container\">\n\t\t\t\t\t<h3 class=\"elementor-heading-title elementor-size-default\">TURN YOUR PROPERTY INTO A STRESS-FREE SOURCE OF INCOME<\/h3>\t\t\t\t<\/div>\n\t\t\t\t<\/div>\n\t\t\t\t<div class=\"elementor-element elementor-element-2a1e710 elementor-widget elementor-widget-text-editor\" data-id=\"2a1e710\" data-element_type=\"widget\" data-e-type=\"widget\" data-widget_type=\"text-editor.default\">\n\t\t\t\t<div class=\"elementor-widget-container\">\n\t\t\t\t\t\t\t\t\t<p>At Kalma Homes, we take care of everything so you can enjoy the benefits. Take the first step toward professional, transparent, and worry-free management.<\/p>\t\t\t\t\t\t\t\t<\/div>\n\t\t\t\t<\/div>\n\t\t\t\t<div class=\"elementor-element elementor-element-389620f elementor-widget elementor-widget-text-editor\" data-id=\"389620f\" data-element_type=\"widget\" data-e-type=\"widget\" data-widget_type=\"text-editor.default\">\n\t\t\t\t<div class=\"elementor-widget-container\">\n\t\t\t\t\t\t\t\t\t<p><strong>Easy, safe and profitable.<\/strong><\/p>\t\t\t\t\t\t\t\t<\/div>\n\t\t\t\t<\/div>\n\t\t\t\t<div class=\"elementor-element elementor-element-b4c41d4 elementor-align-center elementor-widget elementor-widget-button\" data-id=\"b4c41d4\" data-element_type=\"widget\" data-e-type=\"widget\" data-widget_type=\"button.default\">\n\t\t\t\t<div class=\"elementor-widget-container\">\n\t\t\t\t\t\t\t\t\t<div class=\"elementor-button-wrapper\">\n\t\t\t\t\t<a class=\"elementor-button elementor-button-link elementor-size-sm\" href=\"\/en\/contacto\/\">\n\t\t\t\t\t\t<span class=\"elementor-button-content-wrapper\">\n\t\t\t\t\t\t\t\t\t<span class=\"elementor-button-text\">START NOW<\/span>\n\t\t\t\t\t<\/span>\n\t\t\t\t\t<\/a>\n\t\t\t\t<\/div>\n\t\t\t\t\t\t\t\t<\/div>\n\t\t\t\t<\/div>\n\t\t\t\t<\/div>\n\t\t\t\t\t<\/div>\n\t\t\t\t<\/div>\n\t\t\t\t<\/div>","protected":false},"excerpt":{"rendered":"<p>NUESTRO PROCESO En Kalma Homes, creemos que alquilar tu propiedad debe ser una experiencia sencilla, rentable y sin complicaciones. Por eso, hemos dise\u00f1ado un proceso claro y eficiente para que puedas empezar a generar ingresos sin estr\u00e9s. Desde el primer contacto hasta la gesti\u00f3n diaria de tu apartamento, nos aseguramos de que todo est\u00e9 optimizado [&hellip;]<\/p>","protected":false},"author":2,"featured_media":232,"parent":0,"menu_order":0,"comment_status":"closed","ping_status":"closed","template":"","meta":{"_joinchat":[],"footnotes":""},"class_list":["post-42","page","type-page","status-publish","has-post-thumbnail","hentry"],"_links":{"self":[{"href":"https:\/\/kalmahomes.es\/en\/wp-json\/wp\/v2\/pages\/42","targetHints":{"allow":["GET"]}}],"collection":[{"href":"https:\/\/kalmahomes.es\/en\/wp-json\/wp\/v2\/pages"}],"about":[{"href":"https:\/\/kalmahomes.es\/en\/wp-json\/wp\/v2\/types\/page"}],"author":[{"embeddable":true,"href":"https:\/\/kalmahomes.es\/en\/wp-json\/wp\/v2\/users\/2"}],"replies":[{"embeddable":true,"href":"https:\/\/kalmahomes.es\/en\/wp-json\/wp\/v2\/comments?post=42"}],"version-history":[{"count":19,"href":"https:\/\/kalmahomes.es\/en\/wp-json\/wp\/v2\/pages\/42\/revisions"}],"predecessor-version":[{"id":416,"href":"https:\/\/kalmahomes.es\/en\/wp-json\/wp\/v2\/pages\/42\/revisions\/416"}],"wp:featuredmedia":[{"embeddable":true,"href":"https:\/\/kalmahomes.es\/en\/wp-json\/wp\/v2\/media\/232"}],"wp:attachment":[{"href":"https:\/\/kalmahomes.es\/en\/wp-json\/wp\/v2\/media?parent=42"}],"curies":[{"name":"wp","href":"https:\/\/api.w.org\/{rel}","templated":true}]}}