{"id":12,"date":"2025-03-13T07:26:26","date_gmt":"2025-03-13T06:26:26","guid":{"rendered":"https:\/\/kalmahomes.es\/?page_id=12"},"modified":"2025-08-19T13:40:11","modified_gmt":"2025-08-19T11:40:11","slug":"politica-de-privacidad","status":"publish","type":"page","link":"https:\/\/kalmahomes.es\/fr\/politica-de-privacidad\/","title":{"rendered":"politique de confidentialit\u00e9"},"content":{"rendered":"<p>Kalma Gesti\u00f3n Integral SL, ci-apr\u00e8s le propri\u00e9taire, vous informe de sa politique de confidentialit\u00e9 concernant le traitement et la protection des donn\u00e9es personnelles des utilisateurs et des clients qui peuvent \u00eatre collect\u00e9es lors de la navigation ou de la souscription de services via le site Web https:\/\/kalmahomes.es.<\/p>\n\n\n\n<p>\u00c0 cet \u00e9gard, le Propri\u00e9taire garantit le respect de la r\u00e9glementation en vigueur en mati\u00e8re de protection des donn\u00e9es personnelles, telle que refl\u00e9t\u00e9e dans la loi organique 3\/2018, du 5 d\u00e9cembre, sur la protection des donn\u00e9es personnelles et la garantie des droits num\u00e9riques (LOPD GDD). Il est \u00e9galement conforme au R\u00e8glement (UE) 2016\/679 du Parlement europ\u00e9en et du Conseil du 27 avril 2016 relatif \u00e0 la protection des personnes physiques (RGPD).<\/p>\n\n\n\n<p>L&#039;utilisation du site Web implique l&#039;acceptation de la pr\u00e9sente politique de confidentialit\u00e9 ainsi que des conditions incluses dans les mentions l\u00e9gales.<\/p>\n\n\n\n<ol class=\"wp-block-list\">\n<li>Identification de la partie responsable :<\/li>\n<\/ol>\n\n\n\n<p>Nom complet: KALMA GESTI\u00d3N INTEGRAL SL<\/p>\n\n\n\n<p>NIF\/CIF : B56268055<\/p>\n\n\n\n<p>Adresse : AVENIDA MESTRAL 6, 03570 VILLAJOYOSA<\/p>\n\n\n\n<p>T\u00e9l\u00e9phone : +34 646 45 79 60<\/p>\n\n\n\n<p>Courriel : info@kalmahomes.es<\/p>\n\n\n\n<p>Site Web : www.kalmahomes.es<\/p>\n\n\n\n<p>Principes appliqu\u00e9s au traitement des donn\u00e9es<\/p>\n\n\n\n<p>Lors du traitement de vos donn\u00e9es personnelles, le Responsable du traitement appliquera les principes suivants, qui sont conformes aux exigences du nouveau r\u00e8glement europ\u00e9en sur la protection des donn\u00e9es :<\/p>\n\n\n\n<p>Principe de l\u00e9galit\u00e9, de loyaut\u00e9 et de transparence : Le Responsable du traitement aura toujours besoin de votre consentement pour le traitement de vos donn\u00e9es personnelles, qui pourra avoir une ou plusieurs finalit\u00e9s sp\u00e9cifiques sur lesquelles vous serez inform\u00e9 au pr\u00e9alable en toute transparence.<\/p>\n\n\n\n<p>Principe de minimisation des donn\u00e9es : Le Responsable du traitement ne demandera que les donn\u00e9es strictement n\u00e9cessaires \u00e0 la ou aux finalit\u00e9s pour lesquelles elles sont demand\u00e9es.<\/p>\n\n\n\n<p>Principe de limitation de la dur\u00e9e de conservation : Les donn\u00e9es seront conserv\u00e9es pendant la dur\u00e9e strictement n\u00e9cessaire \u00e0 la ou aux finalit\u00e9s du traitement.<br>Le Responsable du traitement vous informera de la dur\u00e9e de conservation correspondante en fonction de la finalit\u00e9. Dans le cas d&#039;abonnements, le Propri\u00e9taire examinera p\u00e9riodiquement les listes et supprimera les enregistrements qui sont rest\u00e9s inactifs pendant une p\u00e9riode de temps consid\u00e9rable.<\/p>\n\n\n\n<p>Principe d&#039;int\u00e9grit\u00e9 et de confidentialit\u00e9\u00a0: Vos donn\u00e9es seront trait\u00e9es de mani\u00e8re \u00e0 garantir leur s\u00e9curit\u00e9, leur confidentialit\u00e9 et leur int\u00e9grit\u00e9. Sachez que le Responsable du traitement prend les pr\u00e9cautions n\u00e9cessaires pour emp\u00eacher tout acc\u00e8s non autoris\u00e9 ou toute utilisation abusive des donn\u00e9es de ses utilisateurs par des tiers.<\/p>\n\n\n\n<p>Obtention de donn\u00e9es personnelles<\/p>\n\n\n\n<p>Pour naviguer sur kalmahomes.es, vous n&#039;avez pas besoin de fournir d&#039;informations personnelles. Les cas o\u00f9 vous devez fournir vos informations personnelles sont les suivants\u00a0:<\/p>\n\n\n\n<p>En nous contactant via les formulaires de contact ou en envoyant un email.<\/p>\n\n\n\n<p>Lorsque vous faites un commentaire sur un article ou une page.<\/p>\n\n\n\n<p>Vos droits<\/p>\n\n\n\n<p>Le Propri\u00e9taire vous informe que concernant vos donn\u00e9es personnelles, vous avez le droit de :<\/p>\n\n\n\n<p>Demander l&#039;acc\u00e8s aux donn\u00e9es stock\u00e9es.<\/p>\n\n\n\n<p>Demander une rectification ou une annulation.<\/p>\n\n\n\n<p>Demander la limitation de votre traitement.<\/p>\n\n\n\n<p>S&#039;opposer au traitement.<\/p>\n\n\n\n<p>Demandez la portabilit\u00e9 de vos donn\u00e9es.<\/p>\n\n\n\n<p>L&#039;exercice de ces droits est personnel et doit donc \u00eatre exerc\u00e9 directement par l&#039;int\u00e9ress\u00e9, en le demandant directement au Titulaire. Cela signifie que tout client, abonn\u00e9 ou collaborateur ayant fourni ses donn\u00e9es peut \u00e0 tout moment contacter le Propri\u00e9taire et demander des informations sur les donn\u00e9es stock\u00e9es et comment elles ont \u00e9t\u00e9 obtenues, demander la rectification de ces donn\u00e9es, demander la portabilit\u00e9 de ses donn\u00e9es personnelles, s&#039;opposer au traitement, limiter son utilisation ou demander l&#039;annulation de ces donn\u00e9es dans les fichiers du Propri\u00e9taire.<\/p>\n\n\n\n<p>Pour exercer vos droits d&#039;acc\u00e8s, de rectification, de suppression, de portabilit\u00e9 et d&#039;opposition, vous devez envoyer un courrier \u00e9lectronique \u00e0 info@kalmahomes.es accompagn\u00e9 d&#039;une preuve l\u00e9galement valable telle qu&#039;une photocopie de votre pi\u00e8ce d&#039;identit\u00e9 ou \u00e9quivalent.<\/p>\n\n\n\n<p>Vous avez le droit \u00e0 une protection juridictionnelle effective et de d\u00e9poser une plainte aupr\u00e8s de l&#039;autorit\u00e9 de contr\u00f4le, en l&#039;occurrence l&#039;Agence espagnole de protection des donn\u00e9es, si vous estimez que le traitement de vos donn\u00e9es personnelles viole le R\u00e8glement.<\/p>\n\n\n\n<p>Finalit\u00e9 du traitement des donn\u00e9es personnelles<\/p>\n\n\n\n<p>Lorsque vous vous connectez au Site Web pour envoyer un e-mail au Propri\u00e9taire, vous abonner \u00e0 la newsletter ou effectuer un achat, vous fournissez des informations personnelles dont le Propri\u00e9taire est responsable. Ces informations peuvent inclure des donn\u00e9es personnelles telles que votre adresse IP, votre pr\u00e9nom et votre nom, votre adresse physique, votre adresse e-mail, votre num\u00e9ro de t\u00e9l\u00e9phone et d&#039;autres informations. En fournissant ces informations, vous consentez \u00e0 la collecte, \u00e0 l&#039;utilisation, \u00e0 la gestion et au stockage de vos informations par superadmin.es uniquement comme d\u00e9crit dans les mentions l\u00e9gales et la pr\u00e9sente politique de confidentialit\u00e9.<\/p>\n\n\n\n<p>Les donn\u00e9es personnelles et la finalit\u00e9 du traitement par le Propri\u00e9taire sont diff\u00e9rentes selon le syst\u00e8me de capture des informations :<\/p>\n\n\n\n<p>SUPPRIMEZ CEUX QUE VOUS N&#039;UTILISEZ PAS :<\/p>\n\n\n\n<p>Formulaires de contact : Le Propri\u00e9taire demande des donn\u00e9es personnelles, qui peuvent inclure : nom et pr\u00e9nom, adresse e-mail, num\u00e9ro de t\u00e9l\u00e9phone et adresse du site Web, afin de r\u00e9pondre \u00e0 vos demandes.<br>Par exemple, le Propri\u00e9taire utilise ces donn\u00e9es pour r\u00e9pondre \u00e0 vos messages, questions, plaintes, commentaires ou pr\u00e9occupations que vous pourriez avoir concernant les informations incluses sur le Site Web, les services fournis via le Site Web, le traitement de vos donn\u00e9es personnelles, les questions concernant les textes juridiques inclus sur le Site Web, ainsi que toute autre question que vous pourriez avoir et qui ne sont pas soumises aux termes et conditions du Site Web ou du contrat.<\/p>\n\n\n\n<p>Il existe d&#039;autres finalit\u00e9s pour lesquelles le Propri\u00e9taire traite vos donn\u00e9es personnelles :<\/p>\n\n\n\n<p>Pour assurer le respect des conditions \u00e9nonc\u00e9es dans les Mentions L\u00e9gales et de la loi applicable. Cela peut inclure le d\u00e9veloppement d\u2019outils et d\u2019algorithmes qui aident ce site Web \u00e0 garantir la confidentialit\u00e9 des donn\u00e9es personnelles qu\u2019il collecte.<\/p>\n\n\n\n<p>Pour soutenir et am\u00e9liorer les services offerts par ce site Web.<\/p>\n\n\n\n<p>Pour analyser la navigation. Le Propri\u00e9taire collecte d&#039;autres donn\u00e9es non identifiantes obtenues gr\u00e2ce \u00e0 l&#039;utilisation de cookies qui sont t\u00e9l\u00e9charg\u00e9s sur votre ordinateur lorsque vous naviguez sur le Site Web, dont les caract\u00e9ristiques et la finalit\u00e9 sont d\u00e9taill\u00e9es dans la Politique relative aux cookies.<\/p>\n\n\n\n<p>G\u00e9rer les r\u00e9seaux sociaux. Le Propri\u00e9taire est pr\u00e9sent sur les r\u00e9seaux sociaux. Si vous devenez un abonn\u00e9 sur les comptes de r\u00e9seaux sociaux du Propri\u00e9taire, le traitement de vos donn\u00e9es personnelles sera r\u00e9gi par cette section, ainsi que par les conditions d&#039;utilisation, les politiques de confidentialit\u00e9 et les r\u00e9glementations d&#039;acc\u00e8s de la plateforme de r\u00e9seaux sociaux applicables dans chaque cas, que vous avez pr\u00e9alablement accept\u00e9es.<\/p>\n\n\n\n<p>Vous pouvez consulter les politiques de confidentialit\u00e9 des principaux r\u00e9seaux sociaux sur ces liens :<\/p>\n\n\n\n<p>Instagram<\/p>\n\n\n\n<p>Le Responsable du traitement traitera vos donn\u00e9es personnelles dans le but de g\u00e9rer correctement sa pr\u00e9sence sur le r\u00e9seau social, de vous informer de ses activit\u00e9s, produits ou services, et \u00e0 toute autre fin autoris\u00e9e par la r\u00e9glementation du r\u00e9seau social.<\/p>\n\n\n\n<p>En aucun cas, le Propri\u00e9taire n&#039;utilisera les profils des abonn\u00e9s sur les r\u00e9seaux sociaux pour envoyer de la publicit\u00e9 individuellement.<\/p>\n\n\n\n<p>S\u00e9curit\u00e9 des donn\u00e9es personnelles<\/p>\n\n\n\n<p>Pour prot\u00e9ger vos donn\u00e9es personnelles, le responsable du traitement des donn\u00e9es prend toutes les pr\u00e9cautions raisonnables et suit les meilleures pratiques du secteur pour emp\u00eacher leur perte, leur utilisation abusive, leur acc\u00e8s non autoris\u00e9, leur divulgation, leur alt\u00e9ration ou leur destruction.<\/p>\n\n\n\n<p>Le site web est h\u00e9berg\u00e9 sur Hosting. La s\u00e9curit\u00e9 de vos donn\u00e9es est garantie gr\u00e2ce \u00e0 toutes les mesures de s\u00e9curit\u00e9 n\u00e9cessaires. Pour plus d&#039;informations, consultez leur politique de confidentialit\u00e9.<\/p>\n\n\n\n<p>Contenu provenant d&#039;autres sites Web<\/p>\n\n\n\n<p>Les pages de ce site Web peuvent inclure du contenu int\u00e9gr\u00e9 (par exemple, des vid\u00e9os, des images, des articles, etc.). Le contenu int\u00e9gr\u00e9 provenant d\u2019autres sites Web se comporte exactement de la m\u00eame mani\u00e8re que si vous aviez visit\u00e9 l\u2019autre site Web.<\/p>\n\n\n\n<p>Ces sites Web peuvent collecter des donn\u00e9es vous concernant, utiliser des cookies, int\u00e9grer un code de suivi tiers suppl\u00e9mentaire et surveiller votre interaction \u00e0 l&#039;aide de ce code.<\/p>\n\n\n\n<p>Politique relative aux cookies<\/p>\n\n\n\n<p>Pour que ce site Web fonctionne correctement, il doit utiliser des cookies, qui sont des informations stock\u00e9es dans votre navigateur Web.<\/p>\n\n\n\n<p>Sur la page Politique relative aux cookies, vous trouverez toutes les informations concernant la politique de collecte, la finalit\u00e9 et le traitement des cookies.<\/p>\n\n\n\n<p>L\u00e9gitimation du traitement des donn\u00e9es<\/p>\n\n\n\n<p>La base juridique du traitement de vos donn\u00e9es est le consentement.<\/p>\n\n\n\n<p>Pour contacter le propri\u00e9taire, vous abonner \u00e0 une newsletter ou publier des commentaires sur ce site Web, vous devez accepter cette politique de confidentialit\u00e9.<\/p>\n\n\n\n<p>Cat\u00e9gories de donn\u00e9es personnelles<\/p>\n\n\n\n<p>Les cat\u00e9gories de donn\u00e9es personnelles trait\u00e9es par le Responsable du traitement sont :<\/p>\n\n\n\n<p>Donn\u00e9es d&#039;identification.<\/p>\n\n\n\n<p>Conservation des donn\u00e9es personnelles<\/p>\n\n\n\n<p>Les donn\u00e9es personnelles que vous fournissez au Propri\u00e9taire seront conserv\u00e9es jusqu&#039;\u00e0 ce que vous demandiez leur suppression.<\/p>\n\n\n\n<p>Navigation sur le Web<\/p>\n\n\n\n<p>Lorsque vous naviguez sur kalmahomes.es, des donn\u00e9es non identifiables peuvent \u00eatre collect\u00e9es, qui peuvent inclure votre adresse IP, votre g\u00e9olocalisation, un enregistrement de la fa\u00e7on dont vous utilisez les services et les sites, vos habitudes de navigation et d&#039;autres donn\u00e9es qui ne peuvent pas \u00eatre utilis\u00e9es pour vous identifier.<\/p>\n\n\n\n<p>Le propri\u00e9taire utilise les informations obtenues pour obtenir des donn\u00e9es statistiques, analyser les tendances, administrer le site, \u00e9tudier les habitudes de navigation et recueillir des informations d\u00e9mographiques.<\/p>\n\n\n\n<p>Exactitude et v\u00e9racit\u00e9 des donn\u00e9es personnelles<\/p>\n\n\n\n<p>Vous vous engagez \u00e0 ce que les donn\u00e9es fournies au Propri\u00e9taire soient correctes, compl\u00e8tes, exactes et \u00e0 jour, et \u00e0 les tenir d\u00fbment \u00e0 jour.<\/p>\n\n\n\n<p>En tant qu&#039;utilisateur du site Web, vous \u00eates seul responsable de la v\u00e9racit\u00e9 et de l&#039;exactitude des donn\u00e9es que vous soumettez au site, exon\u00e9rant le propri\u00e9taire de toute responsabilit\u00e9 \u00e0 cet \u00e9gard.<\/p>\n\n\n\n<p>Acceptation et consentement<\/p>\n\n\n\n<p>En tant qu&#039;utilisateur du site Web, vous d\u00e9clarez avoir \u00e9t\u00e9 inform\u00e9 des conditions relatives \u00e0 la protection des donn\u00e9es personnelles et que vous acceptez et consentez au traitement de ces donn\u00e9es par le propri\u00e9taire de la mani\u00e8re et aux fins indiqu\u00e9es dans la pr\u00e9sente politique de confidentialit\u00e9.<\/p>\n\n\n\n<p>R\u00e9vocabilit\u00e9<\/p>\n\n\n\n<p>Pour exercer vos droits d&#039;acc\u00e8s, de rectification, de suppression, de portabilit\u00e9 et d&#039;opposition, vous devez envoyer un courrier \u00e9lectronique \u00e0 info@kalmahomes.es accompagn\u00e9 d&#039;une preuve l\u00e9galement valable telle qu&#039;une photocopie de votre pi\u00e8ce d&#039;identit\u00e9 ou \u00e9quivalent.<\/p>\n\n\n\n<p>L\u2019exercice de vos droits n\u2019inclut aucune donn\u00e9e que le Responsable du traitement est tenu de conserver \u00e0 des fins administratives, juridiques ou de s\u00e9curit\u00e9.<\/p>\n\n\n\n<p>Modifications de la politique de confidentialit\u00e9<\/p>\n\n\n\n<p>Le Propri\u00e9taire se r\u00e9serve le droit de modifier la pr\u00e9sente Politique de Confidentialit\u00e9 pour l&#039;adapter \u00e0 la nouvelle l\u00e9gislation ou jurisprudence, ainsi qu&#039;aux pratiques du secteur.<\/p>\n\n\n\n<p>Ces politiques resteront en vigueur jusqu&#039;\u00e0 leur modification par d&#039;autres d\u00fbment publi\u00e9es. &quot; mais avec ces informations\u00a0: Nom\u00a0: KALMA GESTION INTEGRAL SL, CIF\u00a0: B56268055, adresse\u00a0: AVENIDA MESTRAL 6, 03570 VILLAJOYOSA \u2013 ESPAGNE<\/p>","protected":false},"excerpt":{"rendered":"<p>Kalma Gesti\u00f3n Integral SL\u00a0en adelante, el titular,\u00a0te informa sobre su Pol\u00edtica de Privacidad respecto del tratamiento y protecci\u00f3n de los datos de car\u00e1cter personal de los usuarios y clientes que puedan ser recabados por la navegaci\u00f3n o contrataci\u00f3n de servicios a trav\u00e9s del sitio Web https:\/\/kalmahomes.es. En este sentido, el Titular garantiza el cumplimiento de [&hellip;]<\/p>","protected":false},"author":1,"featured_media":0,"parent":0,"menu_order":0,"comment_status":"closed","ping_status":"closed","template":"","meta":{"_joinchat":[],"footnotes":""},"class_list":["post-12","page","type-page","status-publish","hentry"],"_links":{"self":[{"href":"https:\/\/kalmahomes.es\/fr\/wp-json\/wp\/v2\/pages\/12","targetHints":{"allow":["GET"]}}],"collection":[{"href":"https:\/\/kalmahomes.es\/fr\/wp-json\/wp\/v2\/pages"}],"about":[{"href":"https:\/\/kalmahomes.es\/fr\/wp-json\/wp\/v2\/types\/page"}],"author":[{"embeddable":true,"href":"https:\/\/kalmahomes.es\/fr\/wp-json\/wp\/v2\/users\/1"}],"replies":[{"embeddable":true,"href":"https:\/\/kalmahomes.es\/fr\/wp-json\/wp\/v2\/comments?post=12"}],"version-history":[{"count":6,"href":"https:\/\/kalmahomes.es\/fr\/wp-json\/wp\/v2\/pages\/12\/revisions"}],"predecessor-version":[{"id":2014,"href":"https:\/\/kalmahomes.es\/fr\/wp-json\/wp\/v2\/pages\/12\/revisions\/2014"}],"wp:attachment":[{"href":"https:\/\/kalmahomes.es\/fr\/wp-json\/wp\/v2\/media?parent=12"}],"curies":[{"name":"wp","href":"https:\/\/api.w.org\/{rel}","templated":true}]}}