{"id":22,"date":"2025-03-13T07:26:26","date_gmt":"2025-03-13T06:26:26","guid":{"rendered":"https:\/\/kalmahomes.es\/?page_id=22"},"modified":"2025-03-25T21:57:45","modified_gmt":"2025-03-25T20:57:45","slug":"declaracion-de-accesibilidad","status":"publish","type":"page","link":"https:\/\/kalmahomes.es\/fr\/declaracion-de-accesibilidad\/","title":{"rendered":"D\u00e9claration d&#039;accessibilit\u00e9"},"content":{"rendered":"<p><strong>Treatcab SL<\/strong>\u00a0s&#039;est engag\u00e9 \u00e0 rendre son site Web accessible conform\u00e9ment aux\u00a0<a href=\"http:\/\/www.boe.es\/diario_boe\/txt.php?id=BOE-A-2018-12699\" target=\"_blank\" rel=\"noreferrer noopener\">D\u00e9cret royal 1112\/2018, du 7 septembre, sur l&#039;accessibilit\u00e9 des sites Web et des applications mobiles dans le secteur public.<\/a><\/p>\n\n\n\n<p>Cette d\u00e9claration d&#039;accessibilit\u00e9 s&#039;applique au site Web <strong>https:\/\/kalmahomes.es<\/strong><\/p>\n\n\n\n<h2 class=\"wp-block-heading\">\u00c9tat de conformit\u00e9<\/h2>\n\n\n\n<p>Ce site Web est&nbsp;<strong>partiellement conforme&nbsp;<\/strong>avec le RD 1112\/2018 en raison des exceptions et du non-respect des aspects indiqu\u00e9s ci-dessous.<\/p>\n\n\n\n<h2 class=\"wp-block-heading\">Contenu non accessible<\/h2>\n\n\n\n<p>Le contenu ci-dessous n&#039;est pas accessible pour les raisons suivantes :<\/p>\n\n\n\n<ol class=\"wp-block-list\">\n<li>Non-respect du RD 1112\/2018\n<ul class=\"wp-block-list\">\n<li>Il existe des logos et des images avec un texte alternatif incorrect ou d\u00e9routant et des images complexes sans description textuelle [exigence num\u00e9ro 9.1.1.1 Contenu non textuel, de la norme UNE-EN 301549:2022].<\/li>\n\n\n\n<li>Il existe des listes cr\u00e9\u00e9es de mani\u00e8re incorrecte (aucune \u00e9tiquette de liste), des tableaux avec des cellules mal \u00e9tiquet\u00e9es et des \u00e9tiquettes invisibles dans les \u00e9l\u00e9ments de formulaire [exigence num\u00e9ro 9.1.3.1 Informations et relations, de la norme UNE-EN 301549:2022].<\/li>\n\n\n\n<li>Il existe des tableaux qui ne sont pas adapt\u00e9s aux petites tailles d&#039;\u00e9cran et des champs de formulaire qui ne s&#039;affichent pas correctement dans les petites tailles d&#039;\u00e9cran [exigence num\u00e9ro 9.1.4.10 Redistribution du texte, de la norme UNE-EN 301549:2022].<\/li>\n\n\n\n<li>Il y a du texte qui ne s&#039;affiche pas correctement lors de la modification des espaces et des hauteurs de ligne [exigence num\u00e9ro 9.1.4.12 Espacement du texte, de la norme UNE-EN 301549:2022].<\/li>\n\n\n\n<li>Il existe des \u00e9l\u00e9ments qui ne sont pas accessibles au clavier, tels que les liens vers les r\u00e9seaux sociaux, l&#039;\u00e9diteur de texte pour les commentaires, les \u00e9l\u00e9ments de tri des r\u00e9sultats de recherche, la pagination des r\u00e9sultats de recherche ou les fl\u00e8ches du calendrier [exigence num\u00e9ro 9.2.1.1 Clavier, de la norme UNE-EN 301549:2022].<\/li>\n\n\n\n<li>Il existe des \u00e9l\u00e9ments qui ne re\u00e7oivent pas le focus et avec lesquels il n&#039;est donc pas possible d&#039;interagir \u00e0 l&#039;aide du clavier, par exemple [exigence num\u00e9ro 9.2.4.3 Ordre de focus, de la norme UNE-EN 301549:2022].<\/li>\n\n\n\n<li>Il existe des liens dont la fonction n&#039;est pas correctement identifi\u00e9e (ils ont une description inad\u00e9quate, un texte trop g\u00e9n\u00e9rique, un titre inad\u00e9quat, etc.).<br>[exigence num\u00e9ro 9.2.4.4 Objectif des liens, de la norme UNE-EN 301549:2022].<\/li>\n\n\n\n<li>Il existe des titres avec du texte r\u00e9p\u00e9t\u00e9 et\/ou non descriptif [exigence num\u00e9ro 9.2.4.6 Titres et \u00e9tiquettes, de la norme UNE-EN 301549:2022].<\/li>\n\n\n\n<li>Il existe des images, des infographies, des textes de liens ou de boutons, des textes de titres et des contenus qui ne sont pas traduits dans d&#039;autres langues [exigence num\u00e9ro 9.3.1.2 Langue des parties, de la norme UNE-EN 301549:2022].<\/li>\n\n\n\n<li>Sur certaines pages, la m\u00eame ic\u00f4ne est utilis\u00e9e \u00e0 des fins diff\u00e9rentes, ce qui entra\u00eene une confusion [exigence num\u00e9ro 9.3.2.4 Identification coh\u00e9rente, de la norme UNE-EN 301549:2022].<\/li>\n\n\n\n<li>Il existe des messages d&#039;erreur peu descriptifs, ou des messages d&#039;erreur qui ne sont pas regroup\u00e9s en un seul message, ainsi qu&#039;un manque de suggestions dans le formulaire pour remplir correctement les champs [exigence num\u00e9ro 9.3.3.1 Identification des erreurs, de la norme UNE-EN 301549:2022].<\/li>\n\n\n\n<li>Il existe des formulaires avec des champs obligatoires dont l&#039;utilisateur n&#039;est pas inform\u00e9, ainsi que des champs o\u00f9 un exemple textuel du format du champ est manquant.<br>(comme le DNI) [exigence num\u00e9ro 9.3.3.2 \u00c9tiquettes et instructions, de la norme UNE-EN 301549:2022].<\/li>\n\n\n\n<li>Il existe des champs de formulaire dans lesquels une erreur est signal\u00e9e lorsqu&#039;une valeur incorrecte est saisie, mais aucune suggestion de correction n&#039;est fournie.<br>[exigence num\u00e9ro 9.3.3.3 Suggestions d&#039;erreurs, de la norme UNE-EN 301549:2022].<\/li>\n\n\n\n<li>Certaines pages contiennent des erreurs de syntaxe et, par cons\u00e9quent, certains produits d&#039;assistance peuvent ne pas interpr\u00e9ter correctement le contenu (ID de page en double, balises non ferm\u00e9es, construction de balises incorrecte, etc.). [exigence num\u00e9ro 9.4.1.1 Traitement, de la norme UNE-EN 301549:2022].<\/li>\n\n\n\n<li>Il existe des pages o\u00f9 les produits d&#039;assistance ne pourront pas obtenir d&#039;informations, interagir et \u00eatre conscients de l&#039;\u00e9tat des contr\u00f4les de l&#039;interface utilisateur, tels que les messages d&#039;aide, les messages d&#039;\u00e9tat des r\u00e9sultats d&#039;action, les attributs de lien, l&#039;image de langue de la page... qui ne peuvent pas \u00eatre lus par les lecteurs d&#039;\u00e9cran au moment o\u00f9 ils apparaissent [exigence num\u00e9ro 9.4.1.2 Nom, fonction, valeur de la norme UNE-EN 301549:2022].<\/li>\n\n\n\n<li>Il peut y avoir des erreurs d&#039;\u00e9dition occasionnelles sur certaines pages Web.<\/li>\n<\/ul>\n<\/li>\n\n\n\n<li>Une charge disproportionn\u00e9e\n<ul class=\"wp-block-list\">\n<li>Non applicable.<\/li>\n<\/ul>\n<\/li>\n\n\n\n<li>Le contenu n&#039;entre pas dans le champ d&#039;application de la l\u00e9gislation applicable\n<ul class=\"wp-block-list\">\n<li>Il peut y avoir des fichiers bureautiques au format PDF ou dans d\u2019autres formats publi\u00e9s avant le 20 septembre 2018 qui ne r\u00e9pondent pas enti\u00e8rement \u00e0 toutes les exigences d\u2019accessibilit\u00e9. Bien que des efforts aient \u00e9t\u00e9 faits pour garantir que la plupart d\u2019entre eux s\u2019y conforment.<\/li>\n<\/ul>\n<\/li>\n<\/ol>\n\n\n\n<h2 class=\"wp-block-heading\">Pr\u00e9paration de cette d\u00e9claration d&#039;accessibilit\u00e9<\/h2>\n\n\n\n<p>Cette d\u00e9claration a \u00e9t\u00e9 pr\u00e9par\u00e9e le <strong>25\/03\/2025<\/strong>.<\/p>\n\n\n\n<p>La m\u00e9thode utilis\u00e9e pour pr\u00e9parer la d\u00e9claration \u00e9tait une auto-\u00e9valuation r\u00e9alis\u00e9e par l\u2019entit\u00e9 elle-m\u00eame.<\/p>\n\n\n\n<p>Derni\u00e8re r\u00e9vision de la d\u00e9claration : <strong><strong>25\/03\/2025<\/strong><\/strong>.<\/p>\n\n\n\n<h2 class=\"wp-block-heading\">Commentaires et coordonn\u00e9es<\/h2>\n\n\n\n<p>Vous pouvez faire des communications sur les exigences d&#039;accessibilit\u00e9 (article 10.2.a) du RD 1112\/2018) telles que :<\/p>\n\n\n\n<ul class=\"wp-block-list\">\n<li>signaler toute non-conformit\u00e9 potentielle de ce site Web<\/li>\n\n\n\n<li>transmettre d&#039;autres difficult\u00e9s d&#039;acc\u00e8s au contenu<\/li>\n\n\n\n<li>faire toute autre question ou suggestion d&#039;am\u00e9lioration li\u00e9e \u00e0 l&#039;accessibilit\u00e9 du site Web<\/li>\n<\/ul>\n\n\n\n<p>Par les moyens suivants&nbsp;<a href=\"\/fr\/contacto\/\">formulaire de contact.<\/a><\/p>\n\n\n\n<p>Vous pouvez pr\u00e9senter :<\/p>\n\n\n\n<ul class=\"wp-block-list\">\n<li>une plainte concernant le respect des exigences du RD 1112\/2018 ou<\/li>\n\n\n\n<li>une demande d&#039;information accessible relative \u00e0 :\n<ul class=\"wp-block-list\">\n<li>Contenus exclus du champ d&#039;application du RD 1112\/2018 tel qu&#039;\u00e9tabli par l&#039;article 3, section 4<\/li>\n\n\n\n<li>contenu qui est exempt\u00e9 du respect des exigences d\u2019accessibilit\u00e9 parce qu\u2019il impose une charge disproportionn\u00e9e.<\/li>\n<\/ul>\n<\/li>\n<\/ul>\n\n\n\n<p>Dans la demande d\u2019information accessible, les faits, les raisons et la demande doivent \u00eatre clairement \u00e9nonc\u00e9s pour d\u00e9montrer qu\u2019il s\u2019agit d\u2019une demande raisonnable et l\u00e9gitime.<\/p>\n\n\n\n<h2 class=\"wp-block-heading\">Contenu facultatif<\/h2>\n\n\n\n<p>Ce site Web applique les exigences de la norme UNE-EN 301549:2022, compte tenu des exceptions du d\u00e9cret royal 1112\/2018.<\/p>\n\n\n\n<p>La derni\u00e8re \u00e9valuation d&#039;accessibilit\u00e9 a \u00e9t\u00e9 r\u00e9alis\u00e9e en <strong><strong>25\/03\/2025<\/strong><\/strong>.<\/p>\n\n\n\n<p>Le site Web est optimis\u00e9 pour Microsoft Internet Explorer 8.0 ou sup\u00e9rieur et les derni\u00e8res versions de Firefox, Safari, Opera et Google Chrome. La r\u00e9solution Web minimale recommand\u00e9e est de 1280 \u00d7 1024.<\/p>\n\n\n\n<p>Le site Web est con\u00e7u pour une visualisation r\u00e9active, il s&#039;affiche donc de mani\u00e8re optimale sur les tablettes et les appareils mobiles. Sur ces appareils, il est optimis\u00e9 pour l&#039;affichage sur les derni\u00e8res versions de Chrome pour mobile, Firefox pour mobile, Safari mobile, Opera Mini et le navigateur Android natif.<\/p>","protected":false},"excerpt":{"rendered":"<p>Treatcab SL\u00a0se ha comprometido a hacer accesible su sitio web de conformidad con el\u00a0Real Decreto 1112\/2018, de 7 de septiembre, sobre accesibilidad de los sitios web y aplicaciones para dispositivos m\u00f3viles del sector p\u00fablico. La presente declaraci\u00f3n de accesibilidad se aplica al sitio web https:\/\/kalmahomes.es Situaci\u00f3n de cumplimiento Este sitio web es&nbsp;parcialmente conforme&nbsp;con el RD [&hellip;]<\/p>","protected":false},"author":1,"featured_media":0,"parent":0,"menu_order":0,"comment_status":"closed","ping_status":"closed","template":"","meta":{"_joinchat":[],"footnotes":""},"class_list":["post-22","page","type-page","status-publish","hentry"],"_links":{"self":[{"href":"https:\/\/kalmahomes.es\/fr\/wp-json\/wp\/v2\/pages\/22","targetHints":{"allow":["GET"]}}],"collection":[{"href":"https:\/\/kalmahomes.es\/fr\/wp-json\/wp\/v2\/pages"}],"about":[{"href":"https:\/\/kalmahomes.es\/fr\/wp-json\/wp\/v2\/types\/page"}],"author":[{"embeddable":true,"href":"https:\/\/kalmahomes.es\/fr\/wp-json\/wp\/v2\/users\/1"}],"replies":[{"embeddable":true,"href":"https:\/\/kalmahomes.es\/fr\/wp-json\/wp\/v2\/comments?post=22"}],"version-history":[{"count":2,"href":"https:\/\/kalmahomes.es\/fr\/wp-json\/wp\/v2\/pages\/22\/revisions"}],"predecessor-version":[{"id":429,"href":"https:\/\/kalmahomes.es\/fr\/wp-json\/wp\/v2\/pages\/22\/revisions\/429"}],"wp:attachment":[{"href":"https:\/\/kalmahomes.es\/fr\/wp-json\/wp\/v2\/media?parent=22"}],"curies":[{"name":"wp","href":"https:\/\/api.w.org\/{rel}","templated":true}]}}