{"id":42,"date":"2025-03-13T07:27:30","date_gmt":"2025-03-13T06:27:30","guid":{"rendered":"https:\/\/kalmahomes.es\/?page_id=42"},"modified":"2025-03-25T21:43:22","modified_gmt":"2025-03-25T20:43:22","slug":"como-funciona","status":"publish","type":"page","link":"https:\/\/kalmahomes.es\/fr\/como-funciona\/","title":{"rendered":"Comment \u00e7a marche"},"content":{"rendered":"<div data-elementor-type=\"wp-page\" data-elementor-id=\"42\" class=\"elementor elementor-42\" data-elementor-post-type=\"page\">\n\t\t\t\t<div class=\"elementor-element elementor-element-f9221b2 e-flex e-con-boxed e-con e-parent\" data-id=\"f9221b2\" data-element_type=\"container\" data-e-type=\"container\" data-settings=\"{&quot;background_background&quot;:&quot;classic&quot;}\">\n\t\t\t\t\t<div class=\"e-con-inner\">\n\t\t<div class=\"elementor-element elementor-element-974bd56 e-con-full e-flex e-con e-child\" data-id=\"974bd56\" data-element_type=\"container\" data-e-type=\"container\">\n\t\t\t\t<div class=\"elementor-element elementor-element-1329ab4 elementor-widget-mobile__width-initial elementor-widget elementor-widget-heading\" data-id=\"1329ab4\" data-element_type=\"widget\" data-e-type=\"widget\" data-widget_type=\"heading.default\">\n\t\t\t\t<div class=\"elementor-widget-container\">\n\t\t\t\t\t<h2 class=\"elementor-heading-title elementor-size-default\">NOTRE PROCESSUS<\/h2>\t\t\t\t<\/div>\n\t\t\t\t<\/div>\n\t\t\t\t<div class=\"elementor-element elementor-element-6654f51 elementor-widget elementor-widget-text-editor\" data-id=\"6654f51\" data-element_type=\"widget\" data-e-type=\"widget\" data-widget_type=\"text-editor.default\">\n\t\t\t\t<div class=\"elementor-widget-container\">\n\t\t\t\t\t\t\t\t\t<p>Chez Kalma Homes, nous pensons que la location de votre propri\u00e9t\u00e9 doit \u00eatre une exp\u00e9rience simple, rentable et sans tracas. C&#039;est pourquoi nous avons con\u00e7u un processus clair et efficace pour que vous puissiez commencer \u00e0 g\u00e9n\u00e9rer des revenus sans stress.<\/p><p>Du premier contact \u00e0 la gestion quotidienne de votre appartement, nous veillons \u00e0 ce que tout soit optimis\u00e9 pour que vous puissiez profiter des avantages de la location de vacances sans vous soucier des d\u00e9tails.<\/p><p><b>D\u00e9tendez-vous, nous nous occupons du reste.<br \/>D\u00e9couvrez comment nous travaillons et commencez d\u00e8s aujourd&#039;hui.\u00a0<\/b><\/p>\t\t\t\t\t\t\t\t<\/div>\n\t\t\t\t<\/div>\n\t\t\t\t<\/div>\n\t\t\t\t\t<\/div>\n\t\t\t\t<\/div>\n\t\t<div class=\"elementor-element elementor-element-bfcc731 e-flex e-con-boxed e-con e-parent\" data-id=\"bfcc731\" data-element_type=\"container\" data-e-type=\"container\">\n\t\t\t\t\t<div class=\"e-con-inner\">\n\t\t\t\t<div class=\"elementor-element elementor-element-ba2af8a elementor-widget elementor-widget-heading\" data-id=\"ba2af8a\" data-element_type=\"widget\" data-e-type=\"widget\" data-widget_type=\"heading.default\">\n\t\t\t\t<div class=\"elementor-widget-container\">\n\t\t\t\t\t<h2 class=\"elementor-heading-title elementor-size-default\">Un processus simple pour les propri\u00e9taires<\/h2>\t\t\t\t<\/div>\n\t\t\t\t<\/div>\n\t\t\t\t<div class=\"elementor-element elementor-element-3bdcae7 elementor-widget elementor-widget-text-editor\" data-id=\"3bdcae7\" data-element_type=\"widget\" data-e-type=\"widget\" data-widget_type=\"text-editor.default\">\n\t\t\t\t<div class=\"elementor-widget-container\">\n\t\t\t\t\t\t\t\t\t\u00c9tapes \u00e0 suivre \u00e0 partir du moment o\u00f9 un propri\u00e9taire contacte Kalma Homes :\t\t\t\t\t\t\t\t<\/div>\n\t\t\t\t<\/div>\n\t\t\t\t\t<\/div>\n\t\t\t\t<\/div>\n\t\t<div class=\"elementor-element elementor-element-b2b6a44 e-flex e-con-boxed e-con e-parent\" data-id=\"b2b6a44\" data-element_type=\"container\" data-e-type=\"container\">\n\t\t\t\t\t<div class=\"e-con-inner\">\n\t\t<div class=\"elementor-element elementor-element-700dd6d e-con-full e-flex e-con e-child\" data-id=\"700dd6d\" data-element_type=\"container\" data-e-type=\"container\">\n\t\t\t\t<div class=\"elementor-element elementor-element-8a5a609 elementor-widget elementor-widget-heading\" data-id=\"8a5a609\" data-element_type=\"widget\" data-e-type=\"widget\" data-widget_type=\"heading.default\">\n\t\t\t\t<div class=\"elementor-widget-container\">\n\t\t\t\t\t<h5 class=\"elementor-heading-title elementor-size-default\"><b>\u00c9TAPE 1 :<\/b> PREMIER CONTACT<\/h5>\t\t\t\t<\/div>\n\t\t\t\t<\/div>\n\t\t\t\t<div class=\"elementor-element elementor-element-9762e0d elementor-widget elementor-widget-text-editor\" data-id=\"9762e0d\" data-element_type=\"widget\" data-e-type=\"widget\" data-widget_type=\"text-editor.default\">\n\t\t\t\t<div class=\"elementor-widget-container\">\n\t\t\t\t\t\t\t\t\t<p>Le propri\u00e9taire contacte Kalma Homes soit via notre formulaire en ligne, soit par t\u00e9l\u00e9phone, soit par e-mail. Notre \u00e9quipe interviendra rapidement pour r\u00e9pondre \u00e0 toutes vos questions et vous expliquer comment nous pouvons vous aider \u00e0 maximiser les performances de votre propri\u00e9t\u00e9.<\/p>\t\t\t\t\t\t\t\t<\/div>\n\t\t\t\t<\/div>\n\t\t\t\t<\/div>\n\t\t<div class=\"elementor-element elementor-element-41b2b6b e-con-full e-flex e-con e-child\" data-id=\"41b2b6b\" data-element_type=\"container\" data-e-type=\"container\">\n\t\t\t\t<div class=\"elementor-element elementor-element-b9fa3ed elementor-widget elementor-widget-heading\" data-id=\"b9fa3ed\" data-element_type=\"widget\" data-e-type=\"widget\" data-widget_type=\"heading.default\">\n\t\t\t\t<div class=\"elementor-widget-container\">\n\t\t\t\t\t<h5 class=\"elementor-heading-title elementor-size-default\"><b>\u00c9TAPE 2 :<\/b> \u00c9VALUATION IMMOBILI\u00c8RE PERSONNALIS\u00c9E<\/h5>\t\t\t\t<\/div>\n\t\t\t\t<\/div>\n\t\t\t\t<div class=\"elementor-element elementor-element-4cab936 elementor-widget elementor-widget-text-editor\" data-id=\"4cab936\" data-element_type=\"widget\" data-e-type=\"widget\" data-widget_type=\"text-editor.default\">\n\t\t\t\t<div class=\"elementor-widget-container\">\n\t\t\t\t\t\t\t\t\t<p>Nous effectuons une \u00e9valuation approfondie de l&#039;appartement afin de d\u00e9terminer son potentiel. Cela comprend une analyse de l\u2019\u00e9tat de la propri\u00e9t\u00e9, de son emplacement et de ses caract\u00e9ristiques notables. \u00c0 partir de l\u00e0, nous concevons une strat\u00e9gie de gestion adapt\u00e9e \u00e0 vos besoins et objectifs, en veillant \u00e0 ce que chaque d\u00e9tail soit optimis\u00e9 pour offrir la meilleure rentabilit\u00e9.<\/p>\t\t\t\t\t\t\t\t<\/div>\n\t\t\t\t<\/div>\n\t\t\t\t<\/div>\n\t\t<div class=\"elementor-element elementor-element-af7c02b e-con-full e-flex e-con e-child\" data-id=\"af7c02b\" data-element_type=\"container\" data-e-type=\"container\">\n\t\t\t\t<div class=\"elementor-element elementor-element-2e43159 elementor-widget elementor-widget-heading\" data-id=\"2e43159\" data-element_type=\"widget\" data-e-type=\"widget\" data-widget_type=\"heading.default\">\n\t\t\t\t<div class=\"elementor-widget-container\">\n\t\t\t\t\t<h5 class=\"elementor-heading-title elementor-size-default\"><b>\u00c9TAPE 3 :<\/b> SIGNATURE DU CONTRAT<\/h5>\t\t\t\t<\/div>\n\t\t\t\t<\/div>\n\t\t\t\t<div class=\"elementor-element elementor-element-734bbbe elementor-widget elementor-widget-text-editor\" data-id=\"734bbbe\" data-element_type=\"widget\" data-e-type=\"widget\" data-widget_type=\"text-editor.default\">\n\t\t\t\t<div class=\"elementor-widget-container\">\n\t\t\t\t\t\t\t\t\tUne fois la strat\u00e9gie d\u00e9finie, nous signons un contrat clair et transparent qui \u00e9tablit les modalit\u00e9s de gestion immobili\u00e8re. Ce contrat d\u00e9taille tous les services inclus, les frais et les d\u00e9lais de traitement, garantissant que le propri\u00e9taire sait toujours \u00e0 quoi s&#039;attendre.\t\t\t\t\t\t\t\t<\/div>\n\t\t\t\t<\/div>\n\t\t\t\t<\/div>\n\t\t<div class=\"elementor-element elementor-element-9627179 e-con-full e-flex e-con e-child\" data-id=\"9627179\" data-element_type=\"container\" data-e-type=\"container\">\n\t\t\t\t<div class=\"elementor-element elementor-element-51ffff6 elementor-widget elementor-widget-heading\" data-id=\"51ffff6\" data-element_type=\"widget\" data-e-type=\"widget\" data-widget_type=\"heading.default\">\n\t\t\t\t<div class=\"elementor-widget-container\">\n\t\t\t\t\t<h5 class=\"elementor-heading-title elementor-size-default\"><b>\u00c9TAPE 4 :<\/b> ACTIVATION DE LA GESTION<\/h5>\t\t\t\t<\/div>\n\t\t\t\t<\/div>\n\t\t\t\t<div class=\"elementor-element elementor-element-263483c elementor-widget elementor-widget-text-editor\" data-id=\"263483c\" data-element_type=\"widget\" data-e-type=\"widget\" data-widget_type=\"text-editor.default\">\n\t\t\t\t<div class=\"elementor-widget-container\">\n\t\t\t\t\t\t\t\t\t<p>Avec le contrat sign\u00e9, nous commen\u00e7ons \u00e0 mettre en \u0153uvre le processus. Nous r\u00e9pertorions l&#039;appartement sur les plateformes de location les plus pertinentes (telles que Airbnb et Booking), optimisons les prix en fonction de la demande et g\u00e9rons efficacement toutes les r\u00e9servations. Nous nous assurons que chaque aspect, des photos aux descriptions, est parfaitement align\u00e9 pour attirer les bons invit\u00e9s.\u00a0<\/p>\t\t\t\t\t\t\t\t<\/div>\n\t\t\t\t<\/div>\n\t\t\t\t<\/div>\n\t\t<div class=\"elementor-element elementor-element-94f22fc e-con-full e-flex e-con e-child\" data-id=\"94f22fc\" data-element_type=\"container\" data-e-type=\"container\">\n\t\t\t\t<div class=\"elementor-element elementor-element-b0d6400 elementor-widget elementor-widget-heading\" data-id=\"b0d6400\" data-element_type=\"widget\" data-e-type=\"widget\" data-widget_type=\"heading.default\">\n\t\t\t\t<div class=\"elementor-widget-container\">\n\t\t\t\t\t<h5 class=\"elementor-heading-title elementor-size-default\"><b>\u00c9TAPE 5 :<\/b> GESTION CONTINUE ET SANS SOUCI<\/h5>\t\t\t\t<\/div>\n\t\t\t\t<\/div>\n\t\t\t\t<div class=\"elementor-element elementor-element-b2e7572 elementor-widget elementor-widget-text-editor\" data-id=\"b2e7572\" data-element_type=\"widget\" data-e-type=\"widget\" data-widget_type=\"text-editor.default\">\n\t\t\t\t<div class=\"elementor-widget-container\">\n\t\t\t\t\t\t\t\t\t<p>Kalma Homes g\u00e8re tous les aspects des locations de vacances. Cela comprend un service client 24h\/24 et 7j\/7, la coordination du nettoyage professionnel, l&#039;entretien de la propri\u00e9t\u00e9 et la gestion de tout incident pouvant survenir. Le propri\u00e9taire peut se d\u00e9tendre et profiter des avantages de la rentabilit\u00e9 sans avoir \u00e0 se soucier des op\u00e9rations quotidiennes.<\/p>\t\t\t\t\t\t\t\t<\/div>\n\t\t\t\t<\/div>\n\t\t\t\t<\/div>\n\t\t\t\t\t<\/div>\n\t\t\t\t<\/div>\n\t\t<div class=\"elementor-element elementor-element-a6b1822 e-flex e-con-boxed e-con e-parent\" data-id=\"a6b1822\" data-element_type=\"container\" data-e-type=\"container\">\n\t\t\t\t\t<div class=\"e-con-inner\">\n\t\t<div class=\"elementor-element elementor-element-c4613ac e-con-full e-flex e-con e-child\" data-id=\"c4613ac\" data-element_type=\"container\" data-e-type=\"container\" data-settings=\"{&quot;background_background&quot;:&quot;classic&quot;}\">\n\t\t\t\t<div class=\"elementor-element elementor-element-6c4d641 elementor-widget elementor-widget-heading\" data-id=\"6c4d641\" data-element_type=\"widget\" data-e-type=\"widget\" data-widget_type=\"heading.default\">\n\t\t\t\t<div class=\"elementor-widget-container\">\n\t\t\t\t\t<h3 class=\"elementor-heading-title elementor-size-default\">TRANSFORMEZ VOTRE PROPRI\u00c9T\u00c9 EN UNE SOURCE DE REVENUS SANS STRESS<\/h3>\t\t\t\t<\/div>\n\t\t\t\t<\/div>\n\t\t\t\t<div class=\"elementor-element elementor-element-2a1e710 elementor-widget elementor-widget-text-editor\" data-id=\"2a1e710\" data-element_type=\"widget\" data-e-type=\"widget\" data-widget_type=\"text-editor.default\">\n\t\t\t\t<div class=\"elementor-widget-container\">\n\t\t\t\t\t\t\t\t\t<p>Chez Kalma Homes, nous nous occupons de tout pour que vous puissiez profiter des avantages. Faites le premier pas vers une gestion professionnelle, transparente et sans souci.<\/p>\t\t\t\t\t\t\t\t<\/div>\n\t\t\t\t<\/div>\n\t\t\t\t<div class=\"elementor-element elementor-element-389620f elementor-widget elementor-widget-text-editor\" data-id=\"389620f\" data-element_type=\"widget\" data-e-type=\"widget\" data-widget_type=\"text-editor.default\">\n\t\t\t\t<div class=\"elementor-widget-container\">\n\t\t\t\t\t\t\t\t\t<p><strong>Facile, s\u00fbr et rentable.<\/strong><\/p>\t\t\t\t\t\t\t\t<\/div>\n\t\t\t\t<\/div>\n\t\t\t\t<div class=\"elementor-element elementor-element-b4c41d4 elementor-align-center elementor-widget elementor-widget-button\" data-id=\"b4c41d4\" data-element_type=\"widget\" data-e-type=\"widget\" data-widget_type=\"button.default\">\n\t\t\t\t<div class=\"elementor-widget-container\">\n\t\t\t\t\t\t\t\t\t<div class=\"elementor-button-wrapper\">\n\t\t\t\t\t<a class=\"elementor-button elementor-button-link elementor-size-sm\" href=\"\/fr\/contacto\/\">\n\t\t\t\t\t\t<span class=\"elementor-button-content-wrapper\">\n\t\t\t\t\t\t\t\t\t<span class=\"elementor-button-text\">COMMENCEZ MAINTENANT<\/span>\n\t\t\t\t\t<\/span>\n\t\t\t\t\t<\/a>\n\t\t\t\t<\/div>\n\t\t\t\t\t\t\t\t<\/div>\n\t\t\t\t<\/div>\n\t\t\t\t<\/div>\n\t\t\t\t\t<\/div>\n\t\t\t\t<\/div>\n\t\t\t\t<\/div>","protected":false},"excerpt":{"rendered":"<p>NUESTRO PROCESO En Kalma Homes, creemos que alquilar tu propiedad debe ser una experiencia sencilla, rentable y sin complicaciones. Por eso, hemos dise\u00f1ado un proceso claro y eficiente para que puedas empezar a generar ingresos sin estr\u00e9s. Desde el primer contacto hasta la gesti\u00f3n diaria de tu apartamento, nos aseguramos de que todo est\u00e9 optimizado [&hellip;]<\/p>","protected":false},"author":2,"featured_media":232,"parent":0,"menu_order":0,"comment_status":"closed","ping_status":"closed","template":"","meta":{"_joinchat":[],"footnotes":""},"class_list":["post-42","page","type-page","status-publish","has-post-thumbnail","hentry"],"_links":{"self":[{"href":"https:\/\/kalmahomes.es\/fr\/wp-json\/wp\/v2\/pages\/42","targetHints":{"allow":["GET"]}}],"collection":[{"href":"https:\/\/kalmahomes.es\/fr\/wp-json\/wp\/v2\/pages"}],"about":[{"href":"https:\/\/kalmahomes.es\/fr\/wp-json\/wp\/v2\/types\/page"}],"author":[{"embeddable":true,"href":"https:\/\/kalmahomes.es\/fr\/wp-json\/wp\/v2\/users\/2"}],"replies":[{"embeddable":true,"href":"https:\/\/kalmahomes.es\/fr\/wp-json\/wp\/v2\/comments?post=42"}],"version-history":[{"count":19,"href":"https:\/\/kalmahomes.es\/fr\/wp-json\/wp\/v2\/pages\/42\/revisions"}],"predecessor-version":[{"id":416,"href":"https:\/\/kalmahomes.es\/fr\/wp-json\/wp\/v2\/pages\/42\/revisions\/416"}],"wp:featuredmedia":[{"embeddable":true,"href":"https:\/\/kalmahomes.es\/fr\/wp-json\/wp\/v2\/media\/232"}],"wp:attachment":[{"href":"https:\/\/kalmahomes.es\/fr\/wp-json\/wp\/v2\/media?parent=42"}],"curies":[{"name":"wp","href":"https:\/\/api.w.org\/{rel}","templated":true}]}}