{"id":511,"date":"2025-04-10T11:11:35","date_gmt":"2025-04-10T09:11:35","guid":{"rendered":"https:\/\/kalmahomes.es\/?page_id=511"},"modified":"2025-08-19T13:42:41","modified_gmt":"2025-08-19T11:42:41","slug":"terminos-y-condiciones","status":"publish","type":"page","link":"https:\/\/kalmahomes.es\/fr\/terminos-y-condiciones\/","title":{"rendered":"Termes et conditions"},"content":{"rendered":"<p><strong>Derni\u00e8re mise \u00e0 jour\u00a0: 19 ao\u00fbt 2025<\/strong><\/p>\n\n\n\n<h3 class=\"wp-block-heading\">Introduction<\/h3>\n\n\n\n<p>Ces conditions g\u00e9n\u00e9rales s&#039;appliquent au site Web <strong>kalmahomes.es<\/strong> et les transactions li\u00e9es \u00e0 nos produits et services. Vous pouvez \u00eatre soumis \u00e0 des accords suppl\u00e9mentaires relatifs \u00e0 votre relation avec nous ou aux produits ou services que vous recevez. En cas de conflit, les dispositions des accords suppl\u00e9mentaires pr\u00e9valent.<\/p>\n\n\n\n<h3 class=\"wp-block-heading\">Encha\u00eenement<\/h3>\n\n\n\n<p>En acc\u00e9dant \u00e0 ce site, en vous y inscrivant ou en l&#039;utilisant, vous acceptez les pr\u00e9sentes Conditions. Dans certains cas, votre acceptation explicite peut \u00eatre requise.<\/p>\n\n\n\n<h3 class=\"wp-block-heading\">Communication \u00e9lectronique<\/h3>\n\n\n\n<p>En communiquant par voie \u00e9lectronique, vous acceptez que nos communications soient conformes aux exigences l\u00e9gales d\u2019\u00eatre \u00e9crites.<\/p>\n\n\n\n<h3 class=\"wp-block-heading\">Propri\u00e9t\u00e9 intellectuelle<\/h3>\n\n\n\n<p>Les droits de propri\u00e9t\u00e9 intellectuelle du site appartiennent \u00e0 <strong>Kalma Gesti\u00f3n Integral SL<\/strong>, NIF\/CIF : <strong>B56268055<\/strong>La reproduction, la modification ou la distribution du contenu est interdite sans autorisation \u00e9crite.<\/p>\n\n\n\n<h3 class=\"wp-block-heading\">Propri\u00e9t\u00e9 de tiers<\/h3>\n\n\n\n<p>Nous n&#039;assumons aucune responsabilit\u00e9 quant au contenu des liens externes ou aux pertes li\u00e9es \u00e0 leur utilisation.<\/p>\n\n\n\n<h3 class=\"wp-block-heading\">Utilisation responsable<\/h3>\n\n\n\n<p>L&#039;utilisateur s&#039;engage \u00e0 ne pas se livrer \u00e0 des activit\u00e9s ill\u00e9gales ni \u00e0 endommager les fonctionnalit\u00e9s du site.<\/p>\n\n\n\n<h3 class=\"wp-block-heading\">Soumettre des id\u00e9es<\/h3>\n\n\n\n<p>Nous n&#039;acceptons aucune id\u00e9e sans accord sign\u00e9. En soumettant une id\u00e9e sans accord, vous accordez une licence d&#039;utilisation mondiale, non exclusive et libre de droits.<\/p>\n\n\n\n<h3 class=\"wp-block-heading\">R\u00e9siliation de l&#039;utilisation<\/h3>\n\n\n\n<p>Nous nous r\u00e9servons le droit de restreindre l&#039;acc\u00e8s au site sans pr\u00e9avis.<\/p>\n\n\n\n<h3 class=\"wp-block-heading\">Garanties et responsabilit\u00e9<\/h3>\n\n\n\n<p>Le site est fourni \u00ab\u00a0en l&#039;\u00e9tat\u00a0\u00bb sans aucune garantie implicite. Nous d\u00e9clinons toute responsabilit\u00e9 pour les dommages r\u00e9sultant de son utilisation.<\/p>\n\n\n\n<h3 class=\"wp-block-heading\">Confidentialit\u00e9<\/h3>\n\n\n\n<p>Consultez nos politiques de confidentialit\u00e9 et de cookies pour plus de d\u00e9tails.<\/p>\n\n\n\n<h3 class=\"wp-block-heading\">Accessibilit\u00e9<\/h3>\n\n\n\n<p>Nous travaillons dur pour am\u00e9liorer l&#039;accessibilit\u00e9. Contactez-nous si vous rencontrez des obstacles.<\/p>\n\n\n\n<h3 class=\"wp-block-heading\">Restrictions \u00e0 l&#039;exportation<\/h3>\n\n\n\n<p>L&#039;utilisation doit \u00eatre conforme aux lois espagnoles sur l&#039;exportation.<\/p>\n\n\n\n<h3 class=\"wp-block-heading\">Affectation<\/h3>\n\n\n\n<p>Vous ne pouvez pas transf\u00e9rer vos droits sans notre consentement.<\/p>\n\n\n\n<h3 class=\"wp-block-heading\">Enfreindre<\/h3>\n\n\n\n<p>Nous pouvons prendre des mesures, y compris des restrictions d\u2019acc\u00e8s et des poursuites judiciaires.<\/p>\n\n\n\n<h3 class=\"wp-block-heading\">Compensation<\/h3>\n\n\n\n<p>Vous nous indemniserez pour les dommages li\u00e9s aux violations des pr\u00e9sentes Conditions.<\/p>\n\n\n\n<h3 class=\"wp-block-heading\">D\u00e9mission<\/h3>\n\n\n\n<p>Le fait de ne pas appliquer une disposition ne constitue pas une renonciation \u00e0 nos droits.<\/p>\n\n\n\n<h3 class=\"wp-block-heading\">Langue<\/h3>\n\n\n\n<p>Ces termes seront interpr\u00e9t\u00e9s en espagnol.<\/p>\n\n\n\n<h3 class=\"wp-block-heading\">Accord complet<\/h3>\n\n\n\n<p>Les pr\u00e9sentes conditions et les politiques associ\u00e9es constituent l\u2019int\u00e9gralit\u00e9 de l\u2019accord.<\/p>\n\n\n\n<h3 class=\"wp-block-heading\">Mise \u00e0 jour<\/h3>\n\n\n\n<p>Nous sommes susceptibles de modifier les pr\u00e9sentes Conditions. Veuillez vous r\u00e9f\u00e9rer \u00e0 la date de la derni\u00e8re mise \u00e0 jour.<\/p>\n\n\n\n<h3 class=\"wp-block-heading\">Juridiction<\/h3>\n\n\n\n<p>Ils seront r\u00e9gis par le droit espagnol et les litiges seront soumis \u00e0 leurs tribunaux.<\/p>\n\n\n\n<hr class=\"wp-block-separator has-alpha-channel-opacity\"\/>\n\n\n\n<h3 class=\"wp-block-heading\">Coordonn\u00e9es<\/h3>\n\n\n\n<p><strong>Nom:<\/strong> Kalma Gesti\u00f3n Integral SL<br><strong>NIF\/CIF :<\/strong> B56268055<br><strong>Adresse:<\/strong> Avda. Mestral 6 Villajoyosa<br><strong>E-mail:<\/strong> <a class=\"\">info@kalmahomes.es<\/a><br><strong>T\u00e9l\u00e9phone:<\/strong> +34 646 45 79 60<br><strong>Site web:<\/strong> <a class=\"\" href=\"https:\/\/kalmahomes.es\/fr\/\">kalmahomes.es<\/a><\/p>\n\n\n\n<p><\/p>","protected":false},"excerpt":{"rendered":"<p>\u00daltima actualizaci\u00f3n: 19 de agosto de 2025 Introducci\u00f3n Estos T\u00e9rminos y Condiciones se aplican al sitio web kalmahomes.es y a las transacciones relacionadas con nuestros productos y servicios. Puede estar sujeto a contratos adicionales relacionados con su relaci\u00f3n con nosotros o con cualquier producto o servicio que reciba. En caso de conflicto, prevalecer\u00e1n las disposiciones [&hellip;]<\/p>","protected":false},"author":3,"featured_media":0,"parent":0,"menu_order":0,"comment_status":"closed","ping_status":"closed","template":"","meta":{"_joinchat":[],"footnotes":""},"class_list":["post-511","page","type-page","status-publish","hentry"],"_links":{"self":[{"href":"https:\/\/kalmahomes.es\/fr\/wp-json\/wp\/v2\/pages\/511","targetHints":{"allow":["GET"]}}],"collection":[{"href":"https:\/\/kalmahomes.es\/fr\/wp-json\/wp\/v2\/pages"}],"about":[{"href":"https:\/\/kalmahomes.es\/fr\/wp-json\/wp\/v2\/types\/page"}],"author":[{"embeddable":true,"href":"https:\/\/kalmahomes.es\/fr\/wp-json\/wp\/v2\/users\/3"}],"replies":[{"embeddable":true,"href":"https:\/\/kalmahomes.es\/fr\/wp-json\/wp\/v2\/comments?post=511"}],"version-history":[{"count":5,"href":"https:\/\/kalmahomes.es\/fr\/wp-json\/wp\/v2\/pages\/511\/revisions"}],"predecessor-version":[{"id":2017,"href":"https:\/\/kalmahomes.es\/fr\/wp-json\/wp\/v2\/pages\/511\/revisions\/2017"}],"wp:attachment":[{"href":"https:\/\/kalmahomes.es\/fr\/wp-json\/wp\/v2\/media?parent=511"}],"curies":[{"name":"wp","href":"https:\/\/api.w.org\/{rel}","templated":true}]}}